{"id":1509,"date":"2020-04-09T15:48:24","date_gmt":"2020-04-09T14:48:24","guid":{"rendered":"https:\/\/hosting.uantwerpen.be\/philperiodicals\/?page_id=1509"},"modified":"2021-02-26T13:28:22","modified_gmt":"2021-02-26T13:28:22","slug":"bibliography","status":"publish","type":"page","link":"https:\/\/hosting.uantwerpen.be\/philperiodicals\/bibliography\/","title":{"rendered":"Bibliography"},"content":{"rendered":"\n<h2 class=\"wp-block-heading\">Research on the Philippines and\/with DH (broadly understood)<\/h2>\n\n\n\n<p>Ramirez, Hazel Joyce M. (2019) \u201cCo-creating Scripts in Computer-supported Collaborative Learning and its Effects on Students\u2019 Logical Thinking in Earth Science\u201d,Interactive Learning Environments, <a href=\"https:\/\/doi.org\/10.1080\/10494820.2019.1702063\">https:\/\/doi.org\/10.1080\/10494820.2019.1702063<\/a> (International Publication Award in 2020).<\/p>\n\n\n\n<p>Bl\u00e1zquez Carretero, Miguel. (2019) \u201cUsing bigrams to detect written errors made by learners of Spanish as a foreign language\u201d. CALL-EJ, Computer Assisted Language Learning Electronic Journal. 20(2), pp. 55-69. <a href=\"http:\/\/callej.org\/journal\/20-2\/Carretero2019.pdf\">http:\/\/callej.org\/journal\/20-2\/Carretero2019.pdf<\/a> (International Publication Award in 2020).<\/p>\n\n\n\n<p>Cruz, Frances A. (2020) &#8220;Publishing on the &#8216;International&#8217; in the Philippines: A lexicometric Inquiry&#8221;.  In <em><a rel=\"noreferrer noopener\" href=\"https:\/\/books.google.be\/books?id=2inZDwAAQBAJ&amp;hl=es&amp;source=gbs_navlinks_s\" target=\"_blank\">International Studies in the Philippines:\u00a0Mapping New Frontiers in Theory and Practic<\/a><\/em>e\u00a0(Frances Antoinette Cruz and Nassef Manabilang Adiong, eds). Routledge.<\/p>\n\n\n\n<p>Guillermo, R. (2020). \u201cThe Educational Encounter in the Digital Sphere.\u201d <em>Revolt Magazine<\/em>, November 2,<a href=\"https:\/\/revoltmagazineph.ink\/2020\/11\/25\/the-educational-encounter-in-the-digital-sphere\/?fbclid=IwAR1NxEaoIYIsu2lue9DE7NHkF1Enn4Z-uxEx35sXb0anaroURxLlB0vRY0w\">https:\/\/revoltmagazineph.ink\/2020\/11\/25\/the-educational-encounter-in-the-digital-sphere\/?fbclid=IwAR1NxEaoIYIsu2lue9DE7NHkF1Enn4Z-uxEx35sXb0anaroURxLlB0vRY0w<\/a>. <\/p>\n\n\n\n<p>Guillermo, R. (2020). \u201cOn Court Poetry During the Marcos Dictatorship and A Note on Duterte\u2019s Anti-Poetry.\u201d FORSEA, 29 April, <a href=\"https:\/\/forsea.co\/on-court-poetry-during-the-marcos-dictatorship-and-a-note-on-dutertes-anti-poetry\/?fbclid=IwAR3omuSg98Qi0SH1Jbn7r2Kmhwi-f9kaDzh9Jq035I3r-8pGVxhFqvoq-uE\">https:\/\/forsea.co\/on-court-poetry-during-the-marcos-dictatorship-and-a-note-on-dutertes-anti-poetry\/?fbclid=IwAR3omuSg98Qi0SH1Jbn7r2Kmhwi-f9kaDzh9Jq035I3r-8pGVxhFqvoq-uE<\/a><\/p>\n\n\n\n<p>Ortu\u00f1o, Roc\u00edo and Anna Sarmiento (2020) Humanidades Digitales en Filipinas: proyectos, dificultades y oportunidades de la colaboraci\u00f3n Norte-Sur,\u00a0<em>Digital Scholarship in the Humanities<\/em>. <a href=\"https:\/\/doi.org\/10.1093\/llc\/fqz086\">https:\/\/doi.org\/10.1093\/llc\/fqz086<\/a><\/p>\n\n\n\n<p>Ortu\u00f1o, Roc\u00edo (2020) Challenges and strategies for beginners to solve research questions with DH methodologies on a corpus of multilingual Philippine periodicals. In <a href=\"https:\/\/www.benjamins.com\/catalog\/btl.155\"><em>Literary Translation in Periodicals: Methodological challenges for a transnational approach<\/em><\/a><br>(Laura F\u00f3lica, Diana Roig-Sanz and Stefania Caristia eds). John Benjamins Publishing Company. <a href=\"https:\/\/www.benjamins.com\/catalog\/btl.155.10ort\">https:\/\/www.benjamins.com\/catalog\/btl.155.10ort<\/a>  pp. 247-272.<\/p>\n\n\n\n<p>Ortu\u00f1o, Roc\u00edo (2021) Filiteratura: Base de datos en Heurist de literatura en espa\u00f1ol en Filipinas y sobre Filipinas. <em>Signa<\/em>. vol. 30. Pp. 109-138. http:\/\/revistas.uned.es\/index.php\/signa\/article\/view\/29300\/22670 <\/p>\n\n\n\n<p>Guillermo, R. (forthcoming 2021). \u201cSa Mata ng Bagyo ng Tae: Dalawang Taon ng Galit sa Facebook\u201d [In the Eye of the Shitstorm]. In. R. Tolentino, V; Gonzales and L. Castillo (Eds.) <em>hindi nangyari dahil wala sa social media: Interogasyon ng Kulturang New Media sa Pilipinas<\/em> [It didn\u2019t happen because it wasn\u2019t on social media: Interrogations on the Culture of New Media in the Philippines](pp. 278-302). Ateneo de Manila University Press.<\/p>\n\n\n\n<h2 class=\"wp-block-heading\">Talks on Digital Humanities and\/in the Philippines<\/h2>\n\n\n\n<p><\/p>\n\n\n\n<p><strong>21-22 February 2018<\/strong>. Resource speaker: Mr. Chito Angeles. Reimagining the role of the <a href=\"https:\/\/www.facebook.com\/hashtag\/library?__eep__=6&amp;__cft__%5b0%5d=AZUyM4Kelxua3n8fTU-xjmQbDPDlOka0Gzq-dYcgbvnqEy1gBVzGWUvGqeDpTCrHq3UsKHYQfZZ_vVX83gTi6B14Zdpre4y77Wg_ueKpC9D6G2LscDO5GHGyaYQO7bzPSqy4QHNjuNcJYOqLnlX45c4V&amp;__tn__=*NK-R\">library<\/a> in a <a href=\"https:\/\/www.facebook.com\/hashtag\/digitalfirst?__eep__=6&amp;__cft__%5b0%5d=AZUyM4Kelxua3n8fTU-xjmQbDPDlOka0Gzq-dYcgbvnqEy1gBVzGWUvGqeDpTCrHq3UsKHYQfZZ_vVX83gTi6B14Zdpre4y77Wg_ueKpC9D6G2LscDO5GHGyaYQO7bzPSqy4QHNjuNcJYOqLnlX45c4V&amp;__tn__=*NK-R\">digital tertiary education <\/a>environment. EduTECH Philippines. SMX Manila <a href=\"https:\/\/www.facebook.com\/edutech.philippines\/posts\/delighted-to-welcome-chito-angeles-university-librarian-university-of-the-philip\/1790583700954916\/\">https:\/\/www.facebook.com\/edutech.philippines\/posts\/delighted-to-welcome-chito-angeles-university-librarian-university-of-the-philip\/1790583700954916\/<\/a><\/p>\n\n\n\n<p><strong>23-24 <strong>August<\/strong> 2018<\/strong>. Mr. Chito Angeles. \u201cStrengthening Digital Research in the Philippines: Digital Humanities Projects at the University of the Philippines\u201d.  3rd International Workshop on the Academic Asset Preservation and Sharing in Southeast Asia. INTEKMA Resort &amp; Convention Center, Selangor Darul Ehsan, Malaysia.<a href=\"http:\/\/mydatabase.jp\/events\/aapssa3rd\/\"> <\/a><a href=\"http:\/\/mydatabase.jp\/events\/aapssa3rd\/Angeles.pdf\">http:\/\/mydatabase.jp\/events\/aapssa3rd\/Angeles.pdf<\/a><\/p>\n\n\n\n<p><strong>7 <strong>June<\/strong> 2019.<\/strong> Resource speaker: Mr. Chito Angeles. 1st Marina G. Dayrit Lecture Series 2019 Emerging Technologies in Libraries: Open Access Library Management System. \u201cDigital Preservation: Standards and Trends\u201d. The Learning Commons, De La Salle University, 6th floor, Henry Sy Sr. Hall, Taft Avenue, Manila.  <a href=\"https:\/\/paarlnewsletteronline.wordpress.com\/2019\/08\/01\/1st-marina-g-dayrit-lecture-series-2019-emerging-technologies-in-libraries-open-access-library-management-system\/\">https:\/\/paarlnewsletteronline.wordpress.com\/2019\/08\/01\/1st-marina-g-dayrit-lecture-series-2019-emerging-technologies-in-libraries-open-access-library-management-system\/<\/a><\/p>\n\n\n\n<p><strong>14-15 November 2019<\/strong>. The 2019 Conference on Digitization and Digital Preservation Initiatives and Best Practices. David M. Consunji Theater of the Institute of Civil Engineering, UP Diliman. <a href=\"https:\/\/www.facebook.com\/notes\/2099161043549251\/\">https:\/\/www.facebook.com\/notes\/2099161043549251\/<\/a> <\/p>\n\n\n\n<p><strong>23-24 January 2020<\/strong>. Resource speaker: Mr. Chito Angeles. Workshop \u201cPreserving, Accessing, and Managing Digital Repositories\u201d. University of San Carlos, Cebu, Philippines<\/p>\n\n\n\n<p><strong>3 August 2020<\/strong>. Asst. Prof. Liberty Notarte-Balanquit. \u201cDigital Humanities at Diskurso ng Takot \/ Terorismo sa Panahon ng Pandemya \/ Pasismo\u201d (Digital Humanities and the Discourse of Fear \/ Terrorism in the Time of the Pandemic \/ Fascism). Sentro ng Wikang Filipino &#8211; UP Diliman (UP Diliman Center for Filipino Language)<\/p>\n\n\n\n<p><strong>4 September 2020<\/strong>. Asst. Prof. Louise Jashil &#8220;Loujaye&#8221; Sonido. \u201cDigital Humanities Talk&#8221;. The Institute for Nationalist Studies and Tulong Kabataan &#8211; UP Diliman. <\/p>\n\n\n\n<p><strong>19 October 2020<\/strong>. Prof. Ramon Guillermo. \u201cThe Educational Encounter in the Digital Sphere\u201d. The 3rd Critical Postmedia Research Network Workshop: \u201cPandemic and Postmedia: The Future of Digital Humanities after the COVID-19 Impact.\u201d Global Centre for Technology in Humanities, Kyung Hee University, South Korea. <\/p>\n\n\n\n<p><strong>28 October 2020<\/strong>. Prof. Ramon Guillermo. \u201cAng Salita sa Mata ng Makina: Digital na Humanidades at ang Penomenolohiya ng Pagbabasa\u201d (Words in the Eye of the Machine: Digital Humanities and the Phenomenology of Reading). Lecture Series on Anthropological Methods, Department of Social Sciences, College of Humanities and Social Sciences, University of the Philippines \u2013 Mindanao.<\/p>\n\n\n\n<p><strong>19 November 2020<\/strong>. Prof. Ramon Guillermo. \u201cThe Philosophy of the Digital Divide\u201d. Philosophical Association of the Visayas and Mindanao (PHAVISMINDA), first online conference.<\/p>\n\n\n\n<p><strong>20 November 2020<\/strong>. Prof. Ramon Guillermo. \u201cThe Challenge of Digital Humanities and the Shift to Online Education During a Pandemic\u201d. Consultative Workshop on the Development of Learning Resources for the New AB Literature Curriculum Part III, Philippines Commission on Higher Education (CHED).<\/p>\n\n\n\n<p><strong>6 December 2020<\/strong>. Prof. Ramon Guillermo. \u201cOn the Right to the Internet\u201d. Being and Technology, Low Resolution: Classes on Philosophy of Technology, Kwago.<\/p>\n\n\n\n<p><strong>20 January 2021<\/strong>. Mark Garcia, &#8220;Digits and Letters: Employing Digital Tools for Textual Analysis in the Humanities&#8221;, Binalot Talks, UP Archaeological Studies Program (ASP).<\/p>\n","protected":false},"excerpt":{"rendered":"<p>Research on the Philippines and\/with DH (broadly understood) Ramirez, Hazel Joyce M. (2019) \u201cCo-creating Scripts in Computer-supported Collaborative Learning and its Effects on Students\u2019 Logical Thinking in Earth Science\u201d,Interactive Learning Environments, https:\/\/doi.org\/10.1080\/10494820.2019.1702063 (International Publication Award in 2020). Bl\u00e1zquez Carretero, Miguel. (2019) \u201cUsing bigrams to detect written errors made by learners of Spanish as a foreign &hellip; <\/p>\n<p class=\"link-more\"><a href=\"https:\/\/hosting.uantwerpen.be\/philperiodicals\/bibliography\/\" class=\"more-link\">Continue reading<span class=\"screen-reader-text\"> &#8220;Bibliography&#8221;<\/span><\/a><\/p>\n","protected":false},"author":2,"featured_media":0,"parent":0,"menu_order":0,"comment_status":"closed","ping_status":"closed","template":"","meta":{"footnotes":""},"class_list":["post-1509","page","type-page","status-publish","hentry"],"_links":{"self":[{"href":"https:\/\/hosting.uantwerpen.be\/philperiodicals\/wp-json\/wp\/v2\/pages\/1509","targetHints":{"allow":["GET"]}}],"collection":[{"href":"https:\/\/hosting.uantwerpen.be\/philperiodicals\/wp-json\/wp\/v2\/pages"}],"about":[{"href":"https:\/\/hosting.uantwerpen.be\/philperiodicals\/wp-json\/wp\/v2\/types\/page"}],"author":[{"embeddable":true,"href":"https:\/\/hosting.uantwerpen.be\/philperiodicals\/wp-json\/wp\/v2\/users\/2"}],"replies":[{"embeddable":true,"href":"https:\/\/hosting.uantwerpen.be\/philperiodicals\/wp-json\/wp\/v2\/comments?post=1509"}],"version-history":[{"count":4,"href":"https:\/\/hosting.uantwerpen.be\/philperiodicals\/wp-json\/wp\/v2\/pages\/1509\/revisions"}],"predecessor-version":[{"id":1534,"href":"https:\/\/hosting.uantwerpen.be\/philperiodicals\/wp-json\/wp\/v2\/pages\/1509\/revisions\/1534"}],"wp:attachment":[{"href":"https:\/\/hosting.uantwerpen.be\/philperiodicals\/wp-json\/wp\/v2\/media?parent=1509"}],"curies":[{"name":"wp","href":"https:\/\/api.w.org\/{rel}","templated":true}]}}