{"id":4498,"date":"2024-07-06T13:02:44","date_gmt":"2024-07-06T13:02:44","guid":{"rendered":"https:\/\/www.olympiadenederlands.org\/?page_id=4498"},"modified":"2024-07-06T13:31:58","modified_gmt":"2024-07-06T13:31:58","slug":"opgave12-2","status":"publish","type":"page","link":"https:\/\/hosting.uantwerpen.be\/olympiade2\/index.php\/opgave12-2\/","title":{"rendered":"Opgave12"},"content":{"rendered":"\t\t<div data-elementor-type=\"wp-post\" data-elementor-id=\"4498\" class=\"elementor elementor-4498\" data-elementor-post-type=\"page\">\n\t\t\t\t<div class=\"elementor-element elementor-element-2069106 e-flex e-con-boxed e-con e-parent\" data-id=\"2069106\" data-element_type=\"container\">\n\t\t\t\t\t<div class=\"e-con-inner\">\n\t\t\t\t<div class=\"elementor-element elementor-element-70278ff elementor-nav-menu__align-end elementor-nav-menu--dropdown-mobile elementor-nav-menu__text-align-aside elementor-nav-menu--toggle elementor-nav-menu--burger elementor-widget elementor-widget-global elementor-global-101 elementor-widget-nav-menu\" data-id=\"70278ff\" data-element_type=\"widget\" data-settings=\"{&quot;layout&quot;:&quot;horizontal&quot;,&quot;submenu_icon&quot;:{&quot;value&quot;:&quot;fas fa-caret-down&quot;,&quot;library&quot;:&quot;fa-solid&quot;},&quot;toggle&quot;:&quot;burger&quot;}\" data-widget_type=\"nav-menu.default\">\n\t\t\t\t<div class=\"elementor-widget-container\">\n\t\t\t\t\t\t\t\t<nav aria-label=\"Menu\" class=\"elementor-nav-menu--main elementor-nav-menu__container elementor-nav-menu--layout-horizontal e--pointer-underline e--animation-fade\">\n\t\t\t\t<ul id=\"menu-1-70278ff\" class=\"elementor-nav-menu\"><li class=\"menu-item menu-item-type-post_type menu-item-object-page menu-item-home menu-item-2892\"><a href=\"https:\/\/hosting.uantwerpen.be\/olympiade2\/\" class=\"elementor-item\">Home<\/a><\/li>\n<li class=\"menu-item menu-item-type-post_type menu-item-object-page menu-item-has-children menu-item-3771\"><a href=\"https:\/\/hosting.uantwerpen.be\/olympiade2\/index.php\/praktische_informatie\/\" class=\"elementor-item\">Praktisch<\/a>\n<ul class=\"sub-menu elementor-nav-menu--dropdown\">\n\t<li class=\"menu-item menu-item-type-post_type menu-item-object-page menu-item-3772\"><a href=\"https:\/\/hosting.uantwerpen.be\/olympiade2\/index.php\/reglement\/\" class=\"elementor-sub-item\">Reglement<\/a><\/li>\n\t<li class=\"menu-item menu-item-type-post_type menu-item-object-page menu-item-3770\"><a href=\"https:\/\/hosting.uantwerpen.be\/olympiade2\/index.php\/faq\/\" class=\"elementor-sub-item\">FAQ<\/a><\/li>\n\t<li class=\"menu-item menu-item-type-post_type menu-item-object-page menu-item-4352\"><a href=\"https:\/\/hosting.uantwerpen.be\/olympiade2\/index.php\/promotiemateriaal\/\" class=\"elementor-sub-item\">Promotiemateriaal<\/a><\/li>\n<\/ul>\n<\/li>\n<li class=\"menu-item menu-item-type-post_type menu-item-object-page menu-item-2894\"><a href=\"https:\/\/hosting.uantwerpen.be\/olympiade2\/index.php\/voorbeeldvragen\/\" class=\"elementor-item\">Voorbeeldvragen<\/a><\/li>\n<li class=\"menu-item menu-item-type-post_type menu-item-object-page menu-item-has-children menu-item-4796\"><a href=\"https:\/\/hosting.uantwerpen.be\/olympiade2\/index.php\/editie-2024-2025\/\" class=\"elementor-item\">2024-2025<\/a>\n<ul class=\"sub-menu elementor-nav-menu--dropdown\">\n\t<li class=\"menu-item menu-item-type-post_type menu-item-object-page menu-item-4846\"><a href=\"https:\/\/hosting.uantwerpen.be\/olympiade2\/index.php\/fotos-3\/\" class=\"elementor-sub-item\">Foto\u2019s feestelijke prijsuitreiking<\/a><\/li>\n<\/ul>\n<\/li>\n<li class=\"menu-item menu-item-type-post_type menu-item-object-page menu-item-has-children menu-item-3901\"><a href=\"https:\/\/hosting.uantwerpen.be\/olympiade2\/index.php\/resultaten-2023-2024\/\" class=\"elementor-item\">2023-2024<\/a>\n<ul class=\"sub-menu elementor-nav-menu--dropdown\">\n\t<li class=\"menu-item menu-item-type-post_type menu-item-object-page menu-item-4331\"><a href=\"https:\/\/hosting.uantwerpen.be\/olympiade2\/index.php\/fotos-2\/\" class=\"elementor-sub-item\">Foto\u2019s feestelijke prijsuitreiking<\/a><\/li>\n<\/ul>\n<\/li>\n<li class=\"menu-item menu-item-type-post_type menu-item-object-page menu-item-4615\"><a href=\"https:\/\/hosting.uantwerpen.be\/olympiade2\/index.php\/in-de-pers\/\" class=\"elementor-item\">In de pers<\/a><\/li>\n<li class=\"menu-item menu-item-type-post_type menu-item-object-page menu-item-2893\"><a href=\"https:\/\/hosting.uantwerpen.be\/olympiade2\/index.php\/winnaars\/\" class=\"elementor-item\">Winnaars<\/a><\/li>\n<li class=\"menu-item menu-item-type-post_type menu-item-object-page menu-item-4178\"><a href=\"https:\/\/hosting.uantwerpen.be\/olympiade2\/index.php\/deelnemende-scholen\/\" class=\"elementor-item\">Deelnemende scholen<\/a><\/li>\n<li class=\"menu-item menu-item-type-post_type menu-item-object-page menu-item-2895\"><a href=\"https:\/\/hosting.uantwerpen.be\/olympiade2\/index.php\/sponsors\/\" class=\"elementor-item\">Over<\/a><\/li>\n<\/ul>\t\t\t<\/nav>\n\t\t\t\t\t<div class=\"elementor-menu-toggle\" role=\"button\" tabindex=\"0\" aria-label=\"Menu Toggle\" aria-expanded=\"false\">\n\t\t\t<i aria-hidden=\"true\" role=\"presentation\" class=\"elementor-menu-toggle__icon--open eicon-menu-bar\"><\/i><i aria-hidden=\"true\" role=\"presentation\" class=\"elementor-menu-toggle__icon--close eicon-close\"><\/i>\t\t<\/div>\n\t\t\t\t\t<nav class=\"elementor-nav-menu--dropdown elementor-nav-menu__container\" aria-hidden=\"true\">\n\t\t\t\t<ul id=\"menu-2-70278ff\" class=\"elementor-nav-menu\"><li class=\"menu-item menu-item-type-post_type menu-item-object-page menu-item-home menu-item-2892\"><a href=\"https:\/\/hosting.uantwerpen.be\/olympiade2\/\" class=\"elementor-item\" tabindex=\"-1\">Home<\/a><\/li>\n<li class=\"menu-item menu-item-type-post_type menu-item-object-page menu-item-has-children menu-item-3771\"><a href=\"https:\/\/hosting.uantwerpen.be\/olympiade2\/index.php\/praktische_informatie\/\" class=\"elementor-item\" tabindex=\"-1\">Praktisch<\/a>\n<ul class=\"sub-menu elementor-nav-menu--dropdown\">\n\t<li class=\"menu-item menu-item-type-post_type menu-item-object-page menu-item-3772\"><a href=\"https:\/\/hosting.uantwerpen.be\/olympiade2\/index.php\/reglement\/\" class=\"elementor-sub-item\" tabindex=\"-1\">Reglement<\/a><\/li>\n\t<li class=\"menu-item menu-item-type-post_type menu-item-object-page menu-item-3770\"><a href=\"https:\/\/hosting.uantwerpen.be\/olympiade2\/index.php\/faq\/\" class=\"elementor-sub-item\" tabindex=\"-1\">FAQ<\/a><\/li>\n\t<li class=\"menu-item menu-item-type-post_type menu-item-object-page menu-item-4352\"><a href=\"https:\/\/hosting.uantwerpen.be\/olympiade2\/index.php\/promotiemateriaal\/\" class=\"elementor-sub-item\" tabindex=\"-1\">Promotiemateriaal<\/a><\/li>\n<\/ul>\n<\/li>\n<li class=\"menu-item menu-item-type-post_type menu-item-object-page menu-item-2894\"><a href=\"https:\/\/hosting.uantwerpen.be\/olympiade2\/index.php\/voorbeeldvragen\/\" class=\"elementor-item\" tabindex=\"-1\">Voorbeeldvragen<\/a><\/li>\n<li class=\"menu-item menu-item-type-post_type menu-item-object-page menu-item-has-children menu-item-4796\"><a href=\"https:\/\/hosting.uantwerpen.be\/olympiade2\/index.php\/editie-2024-2025\/\" class=\"elementor-item\" tabindex=\"-1\">2024-2025<\/a>\n<ul class=\"sub-menu elementor-nav-menu--dropdown\">\n\t<li class=\"menu-item menu-item-type-post_type menu-item-object-page menu-item-4846\"><a href=\"https:\/\/hosting.uantwerpen.be\/olympiade2\/index.php\/fotos-3\/\" class=\"elementor-sub-item\" tabindex=\"-1\">Foto\u2019s feestelijke prijsuitreiking<\/a><\/li>\n<\/ul>\n<\/li>\n<li class=\"menu-item menu-item-type-post_type menu-item-object-page menu-item-has-children menu-item-3901\"><a href=\"https:\/\/hosting.uantwerpen.be\/olympiade2\/index.php\/resultaten-2023-2024\/\" class=\"elementor-item\" tabindex=\"-1\">2023-2024<\/a>\n<ul class=\"sub-menu elementor-nav-menu--dropdown\">\n\t<li class=\"menu-item menu-item-type-post_type menu-item-object-page menu-item-4331\"><a href=\"https:\/\/hosting.uantwerpen.be\/olympiade2\/index.php\/fotos-2\/\" class=\"elementor-sub-item\" tabindex=\"-1\">Foto\u2019s feestelijke prijsuitreiking<\/a><\/li>\n<\/ul>\n<\/li>\n<li class=\"menu-item menu-item-type-post_type menu-item-object-page menu-item-4615\"><a href=\"https:\/\/hosting.uantwerpen.be\/olympiade2\/index.php\/in-de-pers\/\" class=\"elementor-item\" tabindex=\"-1\">In de pers<\/a><\/li>\n<li class=\"menu-item menu-item-type-post_type menu-item-object-page menu-item-2893\"><a href=\"https:\/\/hosting.uantwerpen.be\/olympiade2\/index.php\/winnaars\/\" class=\"elementor-item\" tabindex=\"-1\">Winnaars<\/a><\/li>\n<li class=\"menu-item menu-item-type-post_type menu-item-object-page menu-item-4178\"><a href=\"https:\/\/hosting.uantwerpen.be\/olympiade2\/index.php\/deelnemende-scholen\/\" class=\"elementor-item\" tabindex=\"-1\">Deelnemende scholen<\/a><\/li>\n<li class=\"menu-item menu-item-type-post_type menu-item-object-page menu-item-2895\"><a href=\"https:\/\/hosting.uantwerpen.be\/olympiade2\/index.php\/sponsors\/\" class=\"elementor-item\" tabindex=\"-1\">Over<\/a><\/li>\n<\/ul>\t\t\t<\/nav>\n\t\t\t\t\t\t<\/div>\n\t\t\t\t<\/div>\n\t\t\t\t\t<\/div>\n\t\t\t\t<\/div>\n\t\t<div class=\"elementor-element elementor-element-16e0223 e-con-full e-flex e-con e-parent\" data-id=\"16e0223\" data-element_type=\"container\">\n\t\t<div class=\"elementor-element elementor-element-9bf8298 e-flex e-con-boxed e-con e-child\" data-id=\"9bf8298\" data-element_type=\"container\" data-settings=\"{&quot;background_background&quot;:&quot;classic&quot;}\">\n\t\t\t\t\t<div class=\"e-con-inner\">\n\t\t<div class=\"elementor-element elementor-element-7b879ec e-con-full e-flex e-con e-child\" data-id=\"7b879ec\" data-element_type=\"container\">\n\t\t\t\t<div class=\"elementor-element elementor-element-26b2cec elementor-view-default elementor-widget elementor-widget-icon\" data-id=\"26b2cec\" data-element_type=\"widget\" data-widget_type=\"icon.default\">\n\t\t\t\t<div class=\"elementor-widget-container\">\n\t\t\t\t\t\t\t<div class=\"elementor-icon-wrapper\">\n\t\t\t<a class=\"elementor-icon\" href=\"https:\/\/hosting.uantwerpen.be\/olympiade2\/index.php\/opgave11-2\/\">\n\t\t\t<i aria-hidden=\"true\" class=\"far fa-arrow-alt-circle-left\"><\/i>\t\t\t<\/a>\n\t\t<\/div>\n\t\t\t\t\t\t<\/div>\n\t\t\t\t<\/div>\n\t\t\t\t<\/div>\n\t\t<div class=\"elementor-element elementor-element-0397863 e-con-full e-flex e-con e-child\" data-id=\"0397863\" data-element_type=\"container\">\n\t\t\t\t<div class=\"elementor-element elementor-element-256c7d4 elementor-widget elementor-widget-text-editor\" data-id=\"256c7d4\" data-element_type=\"widget\" data-widget_type=\"text-editor.default\">\n\t\t\t\t<div class=\"elementor-widget-container\">\n\t\t\t\t\t\t\t\t\t<p>Opgave 12: NARRATOLOGIE<\/p><p>(opgesteld door drs. Alexander Van de Sijpe en drs. Lander Kesteloot, Universiteit Gent)<\/p>\t\t\t\t\t\t\t\t<\/div>\n\t\t\t\t<\/div>\n\t\t\t\t<\/div>\n\t\t<div class=\"elementor-element elementor-element-01a8553 e-con-full e-flex e-con e-child\" data-id=\"01a8553\" data-element_type=\"container\">\n\t\t\t\t<div class=\"elementor-element elementor-element-a15268a elementor-view-default elementor-widget elementor-widget-icon\" data-id=\"a15268a\" data-element_type=\"widget\" data-widget_type=\"icon.default\">\n\t\t\t\t<div class=\"elementor-widget-container\">\n\t\t\t\t\t\t\t<div class=\"elementor-icon-wrapper\">\n\t\t\t<a class=\"elementor-icon\" href=\"https:\/\/hosting.uantwerpen.be\/olympiade2\/index.php\/opgave13-2\/\">\n\t\t\t<i aria-hidden=\"true\" class=\"far fa-arrow-alt-circle-right\"><\/i>\t\t\t<\/a>\n\t\t<\/div>\n\t\t\t\t\t\t<\/div>\n\t\t\t\t<\/div>\n\t\t\t\t<\/div>\n\t\t\t\t\t<\/div>\n\t\t\t\t<\/div>\n\t\t\t\t<\/div>\n\t\t<div class=\"elementor-element elementor-element-a5cf1b5 e-flex e-con-boxed e-con e-parent\" data-id=\"a5cf1b5\" data-element_type=\"container\">\n\t\t\t\t\t<div class=\"e-con-inner\">\n\t\t<div class=\"elementor-element elementor-element-a8e9949 e-con-full e-flex e-con e-child\" data-id=\"a8e9949\" data-element_type=\"container\">\n\t\t\t\t<div class=\"elementor-element elementor-element-1417871 elementor-widget elementor-widget-spacer\" data-id=\"1417871\" data-element_type=\"widget\" data-widget_type=\"spacer.default\">\n\t\t\t\t<div class=\"elementor-widget-container\">\n\t\t\t\t\t\t\t<div class=\"elementor-spacer\">\n\t\t\t<div class=\"elementor-spacer-inner\"><\/div>\n\t\t<\/div>\n\t\t\t\t\t\t<\/div>\n\t\t\t\t<\/div>\n\t\t\t\t<\/div>\n\t\t\t\t\t<\/div>\n\t\t\t\t<\/div>\n\t\t<div class=\"elementor-element elementor-element-ff86f7c e-flex e-con-boxed e-con e-parent\" data-id=\"ff86f7c\" data-element_type=\"container\">\n\t\t\t\t\t<div class=\"e-con-inner\">\n\t\t<div class=\"elementor-element elementor-element-4bd85c8 e-con-full e-flex e-con e-child\" data-id=\"4bd85c8\" data-element_type=\"container\">\n\t\t\t\t<div class=\"elementor-element elementor-element-2adc5c6 elementor-widget elementor-widget-text-editor\" data-id=\"2adc5c6\" data-element_type=\"widget\" data-widget_type=\"text-editor.default\">\n\t\t\t\t<div class=\"elementor-widget-container\">\n\t\t\t\t\t\t\t\t\t<p>De narratologie buigt zich over de manier waarop literaire verhalen worden verteld. Uit welke componenten is een verhaal opgebouwd? Hoe zijn de gebeurtenissen geordend? Zijn er flashforwards of flashbacks? In welke ruimtes spelen de gebeurtenissen zich af en hoe worden die gepresenteerd aan de lezer? Welk soort verteller voert het woord? Dergelijke vragen staan centraal in de narratologie.\u202f<\/p><p>De Franse narratoloog G\u00e9rard Genette heeft een begrippenapparaat ontwikkeld waarmee we heel precies kunnen aangeven op welke manier een verhaal verteld wordt. Zo maakt hij bijvoorbeeld een onderscheid tussen een <strong>heterodi\u00ebgetische<\/strong> en <strong>homodi\u00ebgetische<\/strong> verteller. Een heterodi\u00ebgetische verteller is zelf niet betrokken bij het verhaal dat hij of zij vertelt. Hij of zij is geen personage. Een homodi\u00ebgetische verteller is wel een personage in het verhaal dat hij of zij vertelt. Homodi\u00ebgetische vertellers kunnen we nog verder opsplitsen: autodi\u00ebgetische vertellers vertellen vooral over zichzelf, allodi\u00ebgetische vertellers over iemand anders, die ze weliswaar wel kennen. <\/p>\t\t\t\t\t\t\t\t<\/div>\n\t\t\t\t<\/div>\n\t\t\t\t<\/div>\n\t\t\t\t\t<\/div>\n\t\t\t\t<\/div>\n\t\t<div class=\"elementor-element elementor-element-223d4db e-flex e-con-boxed e-con e-parent\" data-id=\"223d4db\" data-element_type=\"container\">\n\t\t\t\t\t<div class=\"e-con-inner\">\n\t\t<div class=\"elementor-element elementor-element-4bbf9ec e-con-full e-flex e-con e-child\" data-id=\"4bbf9ec\" data-element_type=\"container\">\n\t\t\t\t<div class=\"elementor-element elementor-element-cf1e017 elementor-widget elementor-widget-text-editor\" data-id=\"cf1e017\" data-element_type=\"widget\" data-widget_type=\"text-editor.default\">\n\t\t\t\t<div class=\"elementor-widget-container\">\n\t\t\t\t\t\t\t\t\t<p>In welk van onderstaande romanfragmenten is een <strong>heterodi\u00ebgetische<\/strong> verteller aan het woord?<\/p><p>1. Ze had Wuthering Heights uitgelezen en was onmiddellijk weer van vooraf aan begonnen, volledig in de ban van de allesverterende liefde tussen Cathy en Heathcliff, en ze zei dat wij dat waren, Cathy en Heathcliff, dat Cathy en Heathcliff \u00e9\u00e9n persoon waren. \u2018\u201cIk <em>ben<\/em> Heathcliff,\u201d\u2019 citeerde ze met schitterende ogen haar romantische heldin, en ik beaamde het glimlachend, zei: \u2018Ja, jij bent Heathcliff, ik ben Heathcliff.\u2019 (uit: <em>Jij zegt het<\/em>, Connie Palmen) <br \/><br \/>2. Hij was kinds en deed niet anders dan knikken en lachen, waarbij hij zijn door sirihkauwen donkerrood gekleurde tandstompjes liet zien. Voor het huis was een stukje erf, van de rest van de kampong gescheiden door een lage, witgekalkte muur. In de roodachtige aarde hadden Oeroeg en ik, naar het voorbeeld van de tuinlui bij mij thuis, perken uitgezet, weliswaar niet van gelijkvormige gewitte stenen en decoratieve bloempotten, maar van flessen, die we met de halzen omlaag ingegraven hadden, totdat alleen de ingestulpte bodems, licht- en donkergroen glanzend; uit de grond omhoog staken. (uit: <em>Oeroeg<\/em>, Hella Haasse)<\/p><p>3. Alhoewel haar plaats naast haar wettige, rechtmatig gewonnen echtgenoot zou moeten zijn, staat Jeanne bij het evangelie naast Natalie. Terwijl zij van opzij haar oudere zuster bekijkt, de blauwe wallen onder de ogen, de dooraderde wangen, de loboren, besluit Jeanne: Natalie is het kind van een andere vader dan de mijne, hoe heb ik daar niet eerder aan gedacht. Bij het Credo zoemt Giacomo achter haar enkele Latijnse zinnen mee. (uit: <em>Omtrent Deedee<\/em>, Hugo Claus)<\/p><p>4. Abdul praat niet graag over het verleden. Hij zegt dat het een slechte plek is, die iedereen beter kan vergeten. Hij zegt dat de toekomst belangrijker is omdat die nog moet komen, zodat je daar nog iets aan kunt doen. Hij heeft gelijk, maar ik ben nieuwsgierig. Ik wil hem graag beter leren kennen en in mijn visie is het onmogelijk een mens te kennen zonder iets over zijn verleden te weten. Hij deelt die visie niet. Voor hem is een mens herkenbaar aan zijn gezicht, en dat gezicht is gekeerd in de richting waarheen hij gaat en niet naar de plek waar hij vandaan komt. \u2018Maar ik wil u niet graag teleurstellen, meneer Leonard Pfeijffer,\u2019 zei hij vandaag.\u202f(uit: <em>Grand Hotel Europa<\/em>, Ilja Leonard Pfeijffer) <\/p>\t\t\t\t\t\t\t\t<\/div>\n\t\t\t\t<\/div>\n\t\t\t\t<\/div>\n\t\t\t\t\t<\/div>\n\t\t\t\t<\/div>\n\t\t<div class=\"elementor-element elementor-element-1565462 e-flex e-con-boxed e-con e-parent\" data-id=\"1565462\" data-element_type=\"container\">\n\t\t\t\t\t<div class=\"e-con-inner\">\n\t\t<div class=\"elementor-element elementor-element-73560e6 e-con-full e-flex e-con e-child\" data-id=\"73560e6\" data-element_type=\"container\">\n\t\t\t\t<div class=\"elementor-element elementor-element-604dbd2 elementor-widget elementor-widget-text-editor\" data-id=\"604dbd2\" data-element_type=\"widget\" data-widget_type=\"text-editor.default\">\n\t\t\t\t<div class=\"elementor-widget-container\">\n\t\t\t\t\t\t\t\t\t<p style=\"font-weight: 400;\"><strong>OPLOSSING<\/strong><\/p><p>Alleen in romanfragment 3 is een heterodi\u00ebgetische verteller aan het woord.<\/p><p>Een heterodi\u00ebgetische verteller is niet betrokken bij het verhaal dat hij of zij vertelt. Dat wil zeggen dat hij of zij niet in dialoog treedt met de personages in het verhaal. In fragmenten 1 en 4 doet de verteller dat w\u00e9l. In fragment 2 komen we te weten dat de verteller vroeger speelde met Oeroeg. Zij maken dus deel uit van dezelfde verhaalwereld. Alleen bij fragment 3 is dat niet het geval.<\/p><p>Om op te sporen of we te maken hebben met een homo- of heterodi\u00ebgetische verteller, is het niet voldoende om na te gaan of het woord \u2018ik\u2019 voorkomt in de tekst. Dat kunnen we illustreren aan de hand van een voorbeeld dat niet in de vraag zat:<\/p><p><em>\u2018Op een dag ging een heer, die ik voor het gemak maar Steyn zal noemen, met zijn hond wandelen, terwijl zijn vrouw wat zat te soezen in de kamer. De diepe basstem van Steyn klonk in de vestibule. Zij schrok op van zijn tem, want ze is erg gevoelig voor geluiden. O, die stem van Steyn!\u2019<\/em> (ontleend aan Mieke Bal)<\/p><p>De verteller verwijst hier met \u2018ik\u2019 naar zichzelf, maar is geen onderdeel van de verhaalwereld (namelijk de gebeurtenissen tussen Steyn en zijn vrouw). Hij is dus heterodi\u00ebgetisch. Het is kortom fout om homodi\u00ebgetische vertellers gelijk te stellen aan \u2018ik-vertellers\u2019. Beide concepten komen bovendien uit verschillende verhaaltheoretische tradities: begrippen als \u2018ik-verteller\u2019, \u2018personele verteller\u2019 en \u2018auctori\u00eble verteller\u2019 komen uit de Duitse point of view-traditie; \u2018heterodi\u00ebgetisch\u2019 en \u2018homodi\u00ebgetisch\u2019 zijn ge\u00efntroduceerd door de Franse G\u00e9rard Genette. Bal (1980) en Herman &amp; Vervaeck (2001) zetten uiteen waarom de Franstalige traditie te verkiezen valt boven de Duitse traditie, die in het onderwijs niettemin wijdverspreid blijft. <\/p>\t\t\t\t\t\t\t\t<\/div>\n\t\t\t\t<\/div>\n\t\t\t\t<\/div>\n\t\t\t\t\t<\/div>\n\t\t\t\t<\/div>\n\t\t<div class=\"elementor-element elementor-element-d8aa30f e-flex e-con-boxed e-con e-parent\" data-id=\"d8aa30f\" data-element_type=\"container\">\n\t\t\t\t\t<div class=\"e-con-inner\">\n\t\t<div class=\"elementor-element elementor-element-4b033d7 e-con-full e-flex e-con e-child\" data-id=\"4b033d7\" data-element_type=\"container\">\n\t\t\t\t<div class=\"elementor-element elementor-element-ee95a21 elementor-widget elementor-widget-spacer\" data-id=\"ee95a21\" data-element_type=\"widget\" data-widget_type=\"spacer.default\">\n\t\t\t\t<div class=\"elementor-widget-container\">\n\t\t\t\t\t\t\t<div class=\"elementor-spacer\">\n\t\t\t<div class=\"elementor-spacer-inner\"><\/div>\n\t\t<\/div>\n\t\t\t\t\t\t<\/div>\n\t\t\t\t<\/div>\n\t\t\t\t<\/div>\n\t\t\t\t\t<\/div>\n\t\t\t\t<\/div>\n\t\t\t\t<\/div>\n\t\t","protected":false},"excerpt":{"rendered":"<p>Opgave 12: NARRATOLOGIE (opgesteld door drs. Alexander Van de Sijpe en drs. Lander Kesteloot, Universiteit Gent) De narratologie buigt zich over de manier waarop literaire verhalen worden verteld. Uit welke componenten is een verhaal opgebouwd? Hoe zijn de gebeurtenissen geordend? Zijn er flashforwards of flashbacks? In welke ruimtes spelen de gebeurtenissen zich af en hoe [&hellip;]<\/p>\n","protected":false},"author":8,"featured_media":0,"parent":0,"menu_order":0,"comment_status":"closed","ping_status":"closed","template":"","meta":{"ocean_post_layout":"full-screen","ocean_both_sidebars_style":"","ocean_both_sidebars_content_width":0,"ocean_both_sidebars_sidebars_width":0,"ocean_sidebar":"0","ocean_second_sidebar":"0","ocean_disable_margins":"enable","ocean_add_body_class":"","ocean_shortcode_before_top_bar":"","ocean_shortcode_after_top_bar":"","ocean_shortcode_before_header":"","ocean_shortcode_after_header":"","ocean_has_shortcode":"","ocean_shortcode_after_title":"","ocean_shortcode_before_footer_widgets":"","ocean_shortcode_after_footer_widgets":"","ocean_shortcode_before_footer_bottom":"","ocean_shortcode_after_footer_bottom":"","ocean_display_top_bar":"off","ocean_display_header":"off","ocean_header_style":"","ocean_center_header_left_menu":"0","ocean_custom_header_template":"0","ocean_custom_logo":0,"ocean_custom_retina_logo":0,"ocean_custom_logo_max_width":0,"ocean_custom_logo_tablet_max_width":0,"ocean_custom_logo_mobile_max_width":0,"ocean_custom_logo_max_height":0,"ocean_custom_logo_tablet_max_height":0,"ocean_custom_logo_mobile_max_height":0,"ocean_header_custom_menu":"0","ocean_menu_typo_font_family":"0","ocean_menu_typo_font_subset":"","ocean_menu_typo_font_size":0,"ocean_menu_typo_font_size_tablet":0,"ocean_menu_typo_font_size_mobile":0,"ocean_menu_typo_font_size_unit":"px","ocean_menu_typo_font_weight":"","ocean_menu_typo_font_weight_tablet":"","ocean_menu_typo_font_weight_mobile":"","ocean_menu_typo_transform":"","ocean_menu_typo_transform_tablet":"","ocean_menu_typo_transform_mobile":"","ocean_menu_typo_line_height":0,"ocean_menu_typo_line_height_tablet":0,"ocean_menu_typo_line_height_mobile":0,"ocean_menu_typo_line_height_unit":"","ocean_menu_typo_spacing":0,"ocean_menu_typo_spacing_tablet":0,"ocean_menu_typo_spacing_mobile":0,"ocean_menu_typo_spacing_unit":"","ocean_menu_link_color":"","ocean_menu_link_color_hover":"","ocean_menu_link_color_active":"","ocean_menu_link_background":"","ocean_menu_link_hover_background":"","ocean_menu_link_active_background":"","ocean_menu_social_links_bg":"","ocean_menu_social_hover_links_bg":"","ocean_menu_social_links_color":"","ocean_menu_social_hover_links_color":"","ocean_disable_title":"on","ocean_disable_heading":"default","ocean_post_title":"","ocean_post_subheading":"","ocean_post_title_style":"","ocean_post_title_background_color":"","ocean_post_title_background":0,"ocean_post_title_bg_image_position":"","ocean_post_title_bg_image_attachment":"","ocean_post_title_bg_image_repeat":"","ocean_post_title_bg_image_size":"","ocean_post_title_height":0,"ocean_post_title_bg_overlay":0.5,"ocean_post_title_bg_overlay_color":"","ocean_disable_breadcrumbs":"off","ocean_breadcrumbs_color":"","ocean_breadcrumbs_separator_color":"","ocean_breadcrumbs_links_color":"","ocean_breadcrumbs_links_hover_color":"","ocean_display_footer_widgets":"off","ocean_display_footer_bottom":"off","ocean_custom_footer_template":"0","footnotes":""},"folder":[16],"class_list":["post-4498","page","type-page","status-publish","hentry","entry"],"_links":{"self":[{"href":"https:\/\/hosting.uantwerpen.be\/olympiade2\/index.php\/wp-json\/wp\/v2\/pages\/4498","targetHints":{"allow":["GET"]}}],"collection":[{"href":"https:\/\/hosting.uantwerpen.be\/olympiade2\/index.php\/wp-json\/wp\/v2\/pages"}],"about":[{"href":"https:\/\/hosting.uantwerpen.be\/olympiade2\/index.php\/wp-json\/wp\/v2\/types\/page"}],"author":[{"embeddable":true,"href":"https:\/\/hosting.uantwerpen.be\/olympiade2\/index.php\/wp-json\/wp\/v2\/users\/8"}],"replies":[{"embeddable":true,"href":"https:\/\/hosting.uantwerpen.be\/olympiade2\/index.php\/wp-json\/wp\/v2\/comments?post=4498"}],"version-history":[{"count":6,"href":"https:\/\/hosting.uantwerpen.be\/olympiade2\/index.php\/wp-json\/wp\/v2\/pages\/4498\/revisions"}],"predecessor-version":[{"id":4885,"href":"https:\/\/hosting.uantwerpen.be\/olympiade2\/index.php\/wp-json\/wp\/v2\/pages\/4498\/revisions\/4885"}],"wp:attachment":[{"href":"https:\/\/hosting.uantwerpen.be\/olympiade2\/index.php\/wp-json\/wp\/v2\/media?parent=4498"}],"wp:term":[{"taxonomy":"folder","embeddable":true,"href":"https:\/\/hosting.uantwerpen.be\/olympiade2\/index.php\/wp-json\/wp\/v2\/folder?post=4498"}],"curies":[{"name":"wp","href":"https:\/\/api.w.org\/{rel}","templated":true}]}}