{"id":411,"date":"2012-08-01T13:04:51","date_gmt":"2012-08-01T13:04:51","guid":{"rendered":"http:\/\/improve-research.eu\/?page_id=411"},"modified":"2012-10-11T11:01:11","modified_gmt":"2012-10-11T11:01:11","slug":"university-budapest-tarki-hungary","status":"publish","type":"page","link":"https:\/\/hosting.uantwerpen.be\/improve\/?page_id=411","title":{"rendered":"T\u00c1RKI (Hungary)"},"content":{"rendered":"<h3>T\u00c1RKI Social Research Institute (Hungary)<\/h3>\n<h4>Address:<\/h4>\n<p>Hungary<br \/>\n1112 Budapest<br \/>\nBuda\u00f6rsi \u00fat 45<\/p>\n<h4>Email:<\/h4>\n<p>tarki@tarki.hu<\/p>\n<h4>Phone:<\/h4>\n<p>+36 1 309 7676<\/p>\n<h4>Organisation:<\/h4>\n<p>T\u00c1RKI Social Research Institute was founded in 1985 as an employee-owned, nonpartisan research centre. The institute conducts applied social research on a wide range of issues related to social stratification, labour markets, income distribution, intergenerational transfers, tax-benefit systems, consumption and lifestyle patterns and attitudes. T\u00c1RKI places a strong emphasis on comparative analyses and provides expertise to national and international policy makers on European social structure, income distribution, social mobility and attitudes as well as on the operation of national social welfare regimes.<\/p>\n<h4>Tasks assigned:<\/h4>\n<p>T\u00c1RKI will be responsible for work packages 10 and 12 as well as for the dissemination of results (in collaboration with RUW).<\/p>\n<h4>Previous experience:<\/h4>\n<p>T\u00c1RKI carries out biennially the T\u00c1RKI Household Monitor Survey and produces annual reports on European income distribution trends within the framework of the Social Situation Observatory &#8211; Network on Social Inclusion and Income Distribution. In 2008 T\u00c1RKI published its first of a series of European Social Reports that analyse demographic, labour market and income distribution trends in all 27 EU Member States using data from EU-SILC. Most recently, T\u00c1RKI has completed a study on child poverty in the EU for DG Employment.<\/p>\n<h3>Staff involved in the project:<\/h3>\n<div class=\"person\"><hr \/>\t\t\r\n<div id=\"name\"> Istv\u00e1n Gy\u00f6rgy T\u00f3th<\/div>\r\n<div class ='user-thumbnail'><img alt='' src='https:\/\/secure.gravatar.com\/avatar\/032e808b367638a65677bf7a0e09b12e5f8564fd3447b648d2bf7543c751816d?s=96&#038;d=mm&#038;r=g' srcset='https:\/\/secure.gravatar.com\/avatar\/032e808b367638a65677bf7a0e09b12e5f8564fd3447b648d2bf7543c751816d?s=192&#038;d=mm&#038;r=g 2x' class='avatar avatar-96 photo' height='96' width='96' \/><\/div> \r\n<div class=\"right\">\r\n<div class='user-info'>Phone: <\/div>\r\n<div class='user-info'>Email: <a href=\"mailto:toth@tarki.hu\">toth@tarki.hu<\/a><\/div>\r\n<div class='user-info'>Website: <\/div>\r\n<div class ='user-bio'>PhD in Sociology, is Director of T\u00c1RKI Social Research Institute and Docents, Department of Sociology, Corvinus University. He has edited and co-edited over ten books, and published articles in Hungarian and English (including in journals such as Economics of Transition and the Journal of European Social Policy). He is advisory board member of the Luxembourg Income Study and the Institute of Economics of the Hungarian Academy of Sciences, as well as member of both the Demographic Committee and the Economic Committee of the Hungarian Academy of Sciences.<\/div>\r\n<\/div>\r\n<div style=\"clear:both;\"><\/div>\t\t\t<\/div><div class=\"person\"><hr \/>\t\t\r\n<div id=\"name\"> Anik\u00f3 Bern\u00e1t<\/div>\r\n<div class ='user-thumbnail'><img alt='' src='https:\/\/secure.gravatar.com\/avatar\/670080b4579bcfa97959748e8101a366f27f7ad19f903d80ffc791678a2258ef?s=96&#038;d=mm&#038;r=g' srcset='https:\/\/secure.gravatar.com\/avatar\/670080b4579bcfa97959748e8101a366f27f7ad19f903d80ffc791678a2258ef?s=192&#038;d=mm&#038;r=g 2x' class='avatar avatar-96 photo' height='96' width='96' \/><\/div> \r\n<div class=\"right\">\r\n<div class='user-info'>Phone: <\/div>\r\n<div class='user-info'>Email: <a href=\"mailto:bernat@tarki.hu\">bernat@tarki.hu<\/a><\/div>\r\n<div class='user-info'>Website: <\/div>\r\n<div class ='user-bio'>MA in Sociology and PhD candidate in Sociology, is a researcher at T\u00c1RKI. Her research interests are minorities, prejudice, discrimination, migration, culture and attitudes. She has contributed to a number of research projects on the situation of Roma in Eastern Europe, such as the \u201cBarriers to Roma employment in Hungary\u201d (UNDP) or the policy brief on \u201cHow to Improve the Situation of Eastern European Roma?\u201d (DG EMPL project \u201cEuropean Observatory on the Social Situation\u201d).<\/div>\r\n<\/div>\r\n<div style=\"clear:both;\"><\/div>\t\t\t<\/div><div class=\"person\"><hr \/>\t\t\r\n<div id=\"name\"> Anna Bkis<\/div>\r\n<div class ='user-thumbnail'><img alt='' src='https:\/\/secure.gravatar.com\/avatar\/3baa0adc6cd07d8eaa968804c6defd3cccd5af19848859abce6e77f00cda8120?s=96&#038;d=mm&#038;r=g' srcset='https:\/\/secure.gravatar.com\/avatar\/3baa0adc6cd07d8eaa968804c6defd3cccd5af19848859abce6e77f00cda8120?s=192&#038;d=mm&#038;r=g 2x' class='avatar avatar-96 photo' height='96' width='96' \/><\/div> \r\n<div class=\"right\">\r\n<div class='user-info'>Phone: <\/div>\r\n<div class='user-info'>Email: <a href=\"mailto:anna.bkis@tarki.hu\">anna.bkis@tarki.hu<\/a><\/div>\r\n<div class='user-info'>Website: <\/div>\r\n<div class ='user-bio'><\/div>\r\n<\/div>\r\n<div style=\"clear:both;\"><\/div>\t\t\t<\/div><div class=\"person\"><hr \/>\t\t\r\n<div id=\"name\"> Reka Branyiczki<\/div>\r\n<div class ='user-thumbnail'><img alt='' src='https:\/\/secure.gravatar.com\/avatar\/e00cd21f032ab1787012e6aac2808dd7520ee0e0a3271d6900c180001fdf321e?s=96&#038;d=mm&#038;r=g' srcset='https:\/\/secure.gravatar.com\/avatar\/e00cd21f032ab1787012e6aac2808dd7520ee0e0a3271d6900c180001fdf321e?s=192&#038;d=mm&#038;r=g 2x' class='avatar avatar-96 photo' height='96' width='96' \/><\/div> \r\n<div class=\"right\">\r\n<div class='user-info'>Phone: <\/div>\r\n<div class='user-info'>Email: <a href=\"mailto:reka.branyiczki@gmail.com\">reka.branyiczki@gmail.com<\/a><\/div>\r\n<div class='user-info'>Website: <\/div>\r\n<div class ='user-bio'><\/div>\r\n<\/div>\r\n<div style=\"clear:both;\"><\/div>\t\t\t<\/div><div class=\"person\"><hr \/>\t\t\r\n<div id=\"name\"> Michelle Crosby-Nagy<\/div>\r\n<div class ='user-thumbnail'><img alt='' src='https:\/\/secure.gravatar.com\/avatar\/d227bfb36d4bd6f4bb2537731eeac173dc766b8ead7567f99fb4d62fac260086?s=96&#038;d=mm&#038;r=g' srcset='https:\/\/secure.gravatar.com\/avatar\/d227bfb36d4bd6f4bb2537731eeac173dc766b8ead7567f99fb4d62fac260086?s=192&#038;d=mm&#038;r=g 2x' class='avatar avatar-96 photo' height='96' width='96' \/><\/div> \r\n<div class=\"right\">\r\n<div class='user-info'>Phone: <\/div>\r\n<div class='user-info'>Email: <a href=\"mailto:michelleo.crosby@tarki.hu\">michelleo.crosby@tarki.hu<\/a><\/div>\r\n<div class='user-info'>Website: <\/div>\r\n<div class ='user-bio'><\/div>\r\n<\/div>\r\n<div style=\"clear:both;\"><\/div>\t\t\t<\/div><div class=\"person\"><hr \/>\t\t\r\n<div id=\"name\"> Andr\u00e1s G\u00e1bos<\/div>\r\n<div class ='user-thumbnail'><img alt='' src='https:\/\/secure.gravatar.com\/avatar\/9e3b47753f62d67ef311bd9437037ad50246a6784c6dc9624ad37ad4c00888f2?s=96&#038;d=mm&#038;r=g' srcset='https:\/\/secure.gravatar.com\/avatar\/9e3b47753f62d67ef311bd9437037ad50246a6784c6dc9624ad37ad4c00888f2?s=192&#038;d=mm&#038;r=g 2x' class='avatar avatar-96 photo' height='96' width='96' \/><\/div> \r\n<div class=\"right\">\r\n<div class='user-info'>Phone: +3613097667<\/div>\r\n<div class='user-info'>Email: <a href=\"mailto:gabos@tarki.hu\">gabos@tarki.hu<\/a><\/div>\r\n<div class='user-info'>Website: <\/div>\r\n<div class ='user-bio'><p>PhD in Sociology, is Senior Researcher at T\u00c1RKI. His main research interests are fertility effects of intergenerational transfers, cost of children, work incentive effects of family policies, poverty (especially child poverty) and income inequality. He coordinated the Study on child poverty in the EU (commissioned by DG EMPL) in 2009 and coordinated T\u00c1RKI\u2019s contribution to WORKCARE (FP7).<\/p><\/div>\r\n<\/div>\r\n<div style=\"clear:both;\"><\/div>\t\t\t<\/div><div class=\"person\"><hr \/>\t\t\r\n<div id=\"name\"> Katalin K\u00e1polnai<\/div>\r\n<div class ='user-thumbnail'><img alt='' src='https:\/\/secure.gravatar.com\/avatar\/0adccb16ace023c576f7ec3799f2db5bbc37f7a28062cd797528054a9d364dab?s=96&#038;d=mm&#038;r=g' srcset='https:\/\/secure.gravatar.com\/avatar\/0adccb16ace023c576f7ec3799f2db5bbc37f7a28062cd797528054a9d364dab?s=192&#038;d=mm&#038;r=g 2x' class='avatar avatar-96 photo' height='96' width='96' \/><\/div> \r\n<div class=\"right\">\r\n<div class='user-info'>Phone: <\/div>\r\n<div class='user-info'>Email: <a href=\"mailto:kapolnai@tarki.hu\">kapolnai@tarki.hu<\/a><\/div>\r\n<div class='user-info'>Website: <\/div>\r\n<div class ='user-bio'><\/div>\r\n<\/div>\r\n<div style=\"clear:both;\"><\/div>\t\t\t<\/div><div class=\"person\"><hr \/>\t\t\r\n<div id=\"name\"> M\u00e1rton Medgyesi<\/div>\r\n<div class ='user-thumbnail'><img alt='' src='https:\/\/secure.gravatar.com\/avatar\/fa47c53cc1c161e20f6be59356ec7b540a96ef902c26b0e5e56424992bb6b8d5?s=96&#038;d=mm&#038;r=g' srcset='https:\/\/secure.gravatar.com\/avatar\/fa47c53cc1c161e20f6be59356ec7b540a96ef902c26b0e5e56424992bb6b8d5?s=192&#038;d=mm&#038;r=g 2x' class='avatar avatar-96 photo' height='96' width='96' \/><\/div> \r\n<div class=\"right\">\r\n<div class='user-info'>Phone: <\/div>\r\n<div class='user-info'>Email: <a href=\"mailto:medgyesi@tarki.hu\">medgyesi@tarki.hu<\/a><\/div>\r\n<div class='user-info'>Website: <\/div>\r\n<div class ='user-bio'><p lang=\"en-US\" align=\"JUSTIFY\">MSc in Applied Economics (with a specialisation in demographic economics) and a PhD in Sociology, is senior researcher at T\u00c1RKI. His main research interests are income distribution, private and public intergenerational transfers, and redistribution. He regularly lectures on social policy at \u00a0the \u00a0Corvinus \u00a0University \u00a0and \u00a0participates\/has \u00a0participated \u00a0in \u00a0numerous \u00a0international \u00a0research projects such as the \u201cEuropean Observatory on the Social Situation \u2013 Network on Social Inclusion and Income distribution\u201d; \u201cNational Transfers Accounts project of the National Institute of Aging\u201d; and \u201cMillennium Development Goals\u201d country report on Hungary (UNDP).<\/p><\/div>\r\n<\/div>\r\n<div style=\"clear:both;\"><\/div>\t\t\t<\/div><div class=\"person\"><hr \/>\t\t\r\n<div id=\"name\"> Peter Szivos<\/div>\r\n<div class ='user-thumbnail'><img alt='' src='https:\/\/secure.gravatar.com\/avatar\/01b95f2ea0ef89c759bccc11d90c1fa933b9b77a9be7fa626919b821c2aa5b96?s=96&#038;d=mm&#038;r=g' srcset='https:\/\/secure.gravatar.com\/avatar\/01b95f2ea0ef89c759bccc11d90c1fa933b9b77a9be7fa626919b821c2aa5b96?s=192&#038;d=mm&#038;r=g 2x' class='avatar avatar-96 photo' height='96' width='96' \/><\/div> \r\n<div class=\"right\">\r\n<div class='user-info'>Phone: <\/div>\r\n<div class='user-info'>Email: <a href=\"mailto:szivos@tarki.hu\">szivos@tarki.hu<\/a><\/div>\r\n<div class='user-info'>Website: <\/div>\r\n<div class ='user-bio'>Dr. in Sociology, is Managing Director and senior researcher at T\u00c1RKI. His main\u00a0responsibilities include overseeing a biannual survey on labour market and income distribution, and development of the TARSZIM microsimulation model used by the Hungarian Ministry of Finance. He also manages the I-CUE project and is working to incorporate Hungary into the Europe-wide Tax-Benefit Model (EUROMOD).<\/div>\r\n<\/div>\r\n<div style=\"clear:both;\"><\/div>\t\t\t<\/div><div class=\"person\"><hr \/>\t\t\r\n<div id=\"name\"> Sara Ayll\u00f3n Gatnau<\/div>\r\n<div class ='user-thumbnail'><img alt='' src='https:\/\/secure.gravatar.com\/avatar\/07216dd3dbcb2fadb0be137694f1f107405f8e39309675b2fca52b4a692aebcc?s=96&#038;d=mm&#038;r=g' srcset='https:\/\/secure.gravatar.com\/avatar\/07216dd3dbcb2fadb0be137694f1f107405f8e39309675b2fca52b4a692aebcc?s=192&#038;d=mm&#038;r=g 2x' class='avatar avatar-96 photo' height='96' width='96' \/><\/div> \r\n<div class=\"right\">\r\n<div class='user-info'>Phone: +34972418779<\/div>\r\n<div class='user-info'>Email: <a href=\"mailto:sara.ayllon@udg.edu\">sara.ayllon@udg.edu<\/a><\/div>\r\n<div class='user-info'>Website: https:\/\/sites.google.com\/site\/saraayllongatnau\/<\/div>\r\n<div class ='user-bio'><p>MSc in European Social Policy at the London School of Economics and PhD in Applied Economics at the Autonomous University of Barcelona. She is Assistant Professor (in tenure-track) at the Department of Economics at the University of Girona. Her main research interests are the Economics of Poverty and Inequality, Economics of the Family, Labour Economics and Applied Microeconometrics. She has published in journals such as the Review of Income and Wealth, Stata Journal, SERIEs \u2013 Journal of the Spanish Economic Association or Demographic Research.<\/p><\/div>\r\n<\/div>\r\n<div style=\"clear:both;\"><\/div>\t\t\t<\/div><div class=\"person\"><hr \/>\t\t\r\n<div id=\"name\"> Barbara Lange<\/div>\r\n<div class ='user-thumbnail'><img alt='' src='https:\/\/secure.gravatar.com\/avatar\/5f74879b90c36102cc4e6c6e4e08554f64d73690ca44e3dc731331a94a1290b9?s=96&#038;d=mm&#038;r=g' srcset='https:\/\/secure.gravatar.com\/avatar\/5f74879b90c36102cc4e6c6e4e08554f64d73690ca44e3dc731331a94a1290b9?s=192&#038;d=mm&#038;r=g 2x' class='avatar avatar-96 photo' height='96' width='96' \/><\/div> \r\n<div class=\"right\">\r\n<div class='user-info'>Phone: <\/div>\r\n<div class='user-info'>Email: <a href=\"mailto:barbara.lange@kit.edu\">barbara.lange@kit.edu<\/a><\/div>\r\n<div class='user-info'>Website: <\/div>\r\n<div class ='user-bio'><p>Research assistant and doctoral candidate at Karlsruhe Institute of Technology (KIT) in Karlsruhe (Germany). Collaborating with T\u00c0RKI since summer 2012 and working on WP9 of the ImPRovE project since early 2014. Her M.A. thesis at the University of Mannheim dealt with the development of poverty risks in the EU throughout the crisis, comparing floating measures with anchored ones. Her dissertation deals with the comparison of wage inequalities and poverty in Germany and the USA. Fields of interest are social inequality and poverty, educational and ethnic inequalities, methods of empirical social research<\/p><\/div>\r\n<\/div>\r\n<div style=\"clear:both;\"><\/div>\t\t\t<\/div>\n","protected":false},"excerpt":{"rendered":"<p>T\u00c1RKI Social Research Institute (Hungary) Address: Hungary 1112 Budapest Buda\u00f6rsi \u00fat 45 Email: tarki@tarki.hu Phone: +36 1 309 7676 Organisation: T\u00c1RKI Social Research Institute was founded in 1985 as an employee-owned, nonpartisan research centre. The institute conducts applied social research on a wide range of issues related to social stratification, labour markets, income distribution, intergenerational&#8230;<\/p>\n","protected":false},"author":1,"featured_media":0,"parent":379,"menu_order":4,"comment_status":"closed","ping_status":"closed","template":"","meta":{"footnotes":""},"class_list":["post-411","page","type-page","status-publish","hentry"],"_links":{"self":[{"href":"https:\/\/hosting.uantwerpen.be\/improve\/index.php?rest_route=\/wp\/v2\/pages\/411","targetHints":{"allow":["GET"]}}],"collection":[{"href":"https:\/\/hosting.uantwerpen.be\/improve\/index.php?rest_route=\/wp\/v2\/pages"}],"about":[{"href":"https:\/\/hosting.uantwerpen.be\/improve\/index.php?rest_route=\/wp\/v2\/types\/page"}],"author":[{"embeddable":true,"href":"https:\/\/hosting.uantwerpen.be\/improve\/index.php?rest_route=\/wp\/v2\/users\/1"}],"replies":[{"embeddable":true,"href":"https:\/\/hosting.uantwerpen.be\/improve\/index.php?rest_route=%2Fwp%2Fv2%2Fcomments&post=411"}],"version-history":[{"count":5,"href":"https:\/\/hosting.uantwerpen.be\/improve\/index.php?rest_route=\/wp\/v2\/pages\/411\/revisions"}],"predecessor-version":[{"id":1015,"href":"https:\/\/hosting.uantwerpen.be\/improve\/index.php?rest_route=\/wp\/v2\/pages\/411\/revisions\/1015"}],"up":[{"embeddable":true,"href":"https:\/\/hosting.uantwerpen.be\/improve\/index.php?rest_route=\/wp\/v2\/pages\/379"}],"wp:attachment":[{"href":"https:\/\/hosting.uantwerpen.be\/improve\/index.php?rest_route=%2Fwp%2Fv2%2Fmedia&parent=411"}],"curies":[{"name":"wp","href":"https:\/\/api.w.org\/{rel}","templated":true}]}}