{"id":2123,"date":"2014-02-18T09:55:00","date_gmt":"2014-02-18T09:55:00","guid":{"rendered":"http:\/\/improve-research.eu\/?page_id=2123"},"modified":"2014-04-04T13:09:42","modified_gmt":"2014-04-04T13:09:42","slug":"workshop-on-reference-budgets","status":"publish","type":"page","link":"https:\/\/hosting.uantwerpen.be\/improve\/?page_id=2123","title":{"rendered":"Workshop on reference budgets"},"content":{"rendered":"<h3><strong style=\"font-size: 1.5em;\">Towards a method for cross-country comparable reference budgets: first results of the ImPRovE project<\/strong><\/h3>\n<p>8 April 2014, 10:00 am -12:00 pm, Antwerp<\/p>\n<p>&nbsp;<\/p>\n<p><strong>Chair: Prof. Bea Cantillon\u00a0<\/strong>(University of Antwerp)<\/p>\n<p><strong>Abstract:<\/strong><\/p>\n<p style=\"text-align: justify;\">Reference budgets are priced baskets of goods and services that represent a certain living standard for clearly defined household types. If developed in a cross-country comparable setting, reference budgets could, for instance, be used to evaluate the adequacy of minimum income support, to facilitate cross-national learning and the identification of best practices of how the cost of living for people living on low incomes can effectively be reduced by making core public services more accessible; and to contextualise the at-risk-of-poverty threshold. As part of the ImPRovE project, we are developing for the first time cross-country comparable reference budgets that correspond to a minimum acceptable living standard in Belgium, Greece, Hungary, Finland, Spain and Italy. The main purpose of the ImPRovE exercise is to evaluate the feasibility of developing reference budgets in several countries on the basis of the same theoretical and methodological framework. During the workshop we will \u00a0explain the particularities of the ImPRovE method \u00a0and compare it with other approaches to constructing reference budgets employed in the EU. Subsequently, we will present the first results of our endeavours and will reflect upon how the method could be improved to maximise cross-national comparability.<\/p>\n<p>&nbsp;<\/p>\n<p><strong>Presentations:<\/strong><\/p>\n<ul>\n<li>dr. Karel Van den Bosch (University of Antwerp, Federal Planning Bureau):<em> The ImPRovE method for constructing reference budgets: a comparative perspective<\/em><\/li>\n<li>dr. B\u00e9r\u00e9nice Storms (University of Antwerp, Thomas More University):<em>\u00a0First results of the ImPRovE method: Belgium, Greece, Finland, Hungary, Italy and Spain<\/em><\/li>\n<li>dr. Tim Goedem\u00e9 (University of Antwerp): <em>Quality criteria for reference budgets: how could the ImPRovE method be improved?<\/em><\/li>\n<\/ul>\n<p>&nbsp;<\/p>\n<p style=\"text-align: justify;\"><strong>Discussants:\u00a0<\/strong><\/p>\n<p><span style=\"text-align: justify;\">Prof. dr.\u00a0Jonathan Bradshaw (University of York), Prof. dr. Christopher Deeming (University of Bristol) and dr. Istvan Vanyolos (European Commission)<\/span><\/p>\n<p>&nbsp;<\/p>\n<p><strong>Workshop organisers:<\/strong>\u00a0Tim Goedem\u00e9, B\u00e9r\u00e9nice Storms, Karel Van den Bosch, and Bea Cantillon (University of Antwerp)<\/p>\n<p>More information on the specific work package and first outputs can be found <a href=\"https:\/\/hosting.uantwerpen.be\/improve\/?page_id=174\" target=\"_blank\">here<\/a>.<\/p>\n","protected":false},"excerpt":{"rendered":"<p>Towards a method for cross-country comparable reference budgets: first results of the ImPRovE project 8 April 2014, 10:00 am -12:00 pm, Antwerp &nbsp; Chair: Prof. Bea Cantillon\u00a0(University of Antwerp) Abstract: Reference budgets are priced baskets of goods and services that represent a certain living standard for clearly defined household types. If developed in a cross-country&#8230;<\/p>\n","protected":false},"author":15,"featured_media":0,"parent":0,"menu_order":0,"comment_status":"closed","ping_status":"open","template":"","meta":{"footnotes":""},"class_list":["post-2123","page","type-page","status-publish","hentry"],"_links":{"self":[{"href":"https:\/\/hosting.uantwerpen.be\/improve\/index.php?rest_route=\/wp\/v2\/pages\/2123","targetHints":{"allow":["GET"]}}],"collection":[{"href":"https:\/\/hosting.uantwerpen.be\/improve\/index.php?rest_route=\/wp\/v2\/pages"}],"about":[{"href":"https:\/\/hosting.uantwerpen.be\/improve\/index.php?rest_route=\/wp\/v2\/types\/page"}],"author":[{"embeddable":true,"href":"https:\/\/hosting.uantwerpen.be\/improve\/index.php?rest_route=\/wp\/v2\/users\/15"}],"replies":[{"embeddable":true,"href":"https:\/\/hosting.uantwerpen.be\/improve\/index.php?rest_route=%2Fwp%2Fv2%2Fcomments&post=2123"}],"version-history":[{"count":5,"href":"https:\/\/hosting.uantwerpen.be\/improve\/index.php?rest_route=\/wp\/v2\/pages\/2123\/revisions"}],"predecessor-version":[{"id":2270,"href":"https:\/\/hosting.uantwerpen.be\/improve\/index.php?rest_route=\/wp\/v2\/pages\/2123\/revisions\/2270"}],"wp:attachment":[{"href":"https:\/\/hosting.uantwerpen.be\/improve\/index.php?rest_route=%2Fwp%2Fv2%2Fmedia&parent=2123"}],"curies":[{"name":"wp","href":"https:\/\/api.w.org\/{rel}","templated":true}]}}