{"id":1049,"date":"2012-10-02T12:19:32","date_gmt":"2012-10-02T12:19:32","guid":{"rendered":"http:\/\/improve-research.eu\/?page_id=1049"},"modified":"2012-10-04T14:57:54","modified_gmt":"2012-10-04T14:57:54","slug":"psitic-spain","status":"publish","type":"page","link":"https:\/\/hosting.uantwerpen.be\/improve\/?page_id=1049","title":{"rendered":"PSiTIC (Spain)"},"content":{"rendered":"<h3>Research Group of Social Pedagogy and Information and Communication Technologies (PSiTIC)<\/h3>\n<h3>University Ram\u00f3n Llull, Spain<\/h3>\n<h4>Organisation:<\/h4>\n<p>The <a href=\"http:\/\/recerca.blanquerna.url.edu\/psitic\/\" target=\"_blank\">PSiTIC<\/a> investigation group of the University Ram\u00f3n Lllull of Barcelona, develops its investigation, formative and transfer knowledge activities and services, around the\u00a0new socioeducative community paradigms, inclusive and in net, and specifically around the quality and the upholding of\u00a0the transformation processes and educational innovation, with the support of the\u00a0new technologies of information and communication. It is in this sense that our investigation studies, from the different angles, the new challenges of the XXI century education, which are recognised internationally as the paradigms of &#8220;Life Wide Learning&#8221;\u00a0and &#8220;Ubiquitous Learning Society&#8221;.<\/p>\n<h4>Tasks assigned:<\/h4>\n<p>PSiTIC\u00a0is a voluntary partner in <a title=\"WP 13 \u2013 Reference budgets for social participation leading the way to a social inclusive society\" href=\"https:\/\/hosting.uantwerpen.be\/improve\/?page_id=174\">WP 13<\/a>.<\/p>\n<h4>Previous experience:<\/h4>\n<p>Our group of investigation has as reference frame the Social Pedagogic, of epistemologic origin to interdiscipline. Basically of the Sociology of the education, the Psychology and the Philosophy of the Education &#8211; fomenting sciences of the pedagogical action we submerged in the Social Pedagogic that historically, from disciplinary origins, it has investigated and formulated proposals of renewing and transforming socioeducative action, to surpass the tipology of situations of deficiency or educational deficit, conflict, inequality and collapse in\u00a0 social educative developement of the people, groups, institutions or communities.<\/p>\n<h3>Staff involved in the project:<\/h3>\n<div class=\"person\"><hr \/>\r\n<div id=\"name\"> Jordi Riera Roman\u00ed<\/div>\r\n<div class ='user-thumbnail'><img alt='' src='https:\/\/secure.gravatar.com\/avatar\/9e8eafe5ddca6d13b5384190d612fa8b16ef4dcc798cf6d0aacde1855bb98a4e?s=96&#038;d=mm&#038;r=g' srcset='https:\/\/secure.gravatar.com\/avatar\/9e8eafe5ddca6d13b5384190d612fa8b16ef4dcc798cf6d0aacde1855bb98a4e?s=192&#038;d=mm&#038;r=g 2x' class='avatar avatar-96 photo' height='96' width='96' \/><\/div> \r\n<div class=\"right\">\r\n<div class='user-info'>Phone: <\/div>\r\n<div class='user-info'>Email: <a href=\"mailto:jordirr@rectorat.url.edu\">jordirr@rectorat.url.edu<\/a><\/div>\r\n<div class='user-info'>Website: <\/div>\r\n<div class ='user-bio'>PhD in Social Pedagogy, Senior Lecturer in Education and\u00a0lead researcher of PSITIC research group from FPCEE Blanquerna, Ramon Llull University. He is also the Vice-rector for Academic Affairs, Teaching Innovation and Quality\u00a0at Ramon Llull University\u00a0. His research activity has reported the publication of books, book chapters, papers in specialized journals and articles in press around social pedagogy, community education and the educative uses of information and communication technologies.<\/div>\r\n<\/div>\r\n<div style=\"clear:both;\"><\/div>\t\t\t<\/div><div class=\"person\"><hr \/>\r\n<div id=\"name\"> Elena Carrillo Alvarez<\/div>\r\n<div class ='user-thumbnail'><img alt='' src='https:\/\/secure.gravatar.com\/avatar\/24a8b15d37420aeb7869055f224cbf202a7fb0c6e514e4b20dda51d783187331?s=96&#038;d=mm&#038;r=g' srcset='https:\/\/secure.gravatar.com\/avatar\/24a8b15d37420aeb7869055f224cbf202a7fb0c6e514e4b20dda51d783187331?s=192&#038;d=mm&#038;r=g 2x' class='avatar avatar-96 photo' height='96' width='96' \/><\/div> \r\n<div class=\"right\">\r\n<div class='user-info'>Phone: <\/div>\r\n<div class='user-info'>Email: <a href=\"mailto:ElenaCA@blanquerna.url.edu\">ElenaCA@blanquerna.url.edu<\/a><\/div>\r\n<div class='user-info'>Website: <\/div>\r\n<div class ='user-bio'><span style=\"color: #333300;\">Registered Dietician and MA in Socio-Educative Transformation Leadership, is a PhD fellow at\u00a0Ramon Llull University, with a grant from the Spanish Training University Lecturers (FPU) programme. She develops her research around Healthy Eating and Childhood Obesity prevention in low-income families and Educative Governance Networks, that connect social, health and educational organizations and empower communities to succeed in front of today\u2019s comprehensive challenges.<\/span><\/div>\r\n<\/div>\r\n<div style=\"clear:both;\"><\/div>\t\t\t<\/div><div class=\"person\"><hr \/>\r\n<div id=\"name\"> Irene Cuss\u00f3 Parcerisas<\/div>\r\n<div class ='user-thumbnail'><img alt='' src='https:\/\/secure.gravatar.com\/avatar\/9f69e31275bccdef94465c8dff1336e78a5a8609554c207f122535b648af5281?s=96&#038;d=mm&#038;r=g' srcset='https:\/\/secure.gravatar.com\/avatar\/9f69e31275bccdef94465c8dff1336e78a5a8609554c207f122535b648af5281?s=192&#038;d=mm&#038;r=g 2x' class='avatar avatar-96 photo' height='96' width='96' \/><\/div> \r\n<div class=\"right\">\r\n<div class='user-info'>Phone: <\/div>\r\n<div class='user-info'>Email: <a href=\"mailto:irenecp2@blanquerna.url.edu\">irenecp2@blanquerna.url.edu<\/a><\/div>\r\n<div class='user-info'>Website: <\/div>\r\n<div class ='user-bio'>In 2009, graduated in Sociology, a four year degree (<em>Licenciatura<\/em>) at Universitat Aut\u00f2noma de Barcelona (UAB) and in 2010 obtained a Master\u2019s degree in Socio-educative transformation leadership at Universitat Ramon Llull, Barcelona (URL). Since 2008 she has been carrying out research in different subjects including education, family and childhood in the following research groups: <em>Infancia, familia y pol\u00edticas sociales comparadas<\/em>, <em>Iphigenia <\/em>at UAB (2008-2009) and <em>Pedagog\u00eda Social y Nuevas Tecnolog\u00edas de la Informaci\u00f3n y la Comunicaci\u00f3n <\/em>(PSiTIC) at URL, where she continues collaborating at present as a research assistant. Between 2010 and 2011 she worked also as a research assistant at the Internet Interdisciplinary Institute, Universitat Oberta de Catalunya (IN3-UOC).<\/div>\r\n<\/div>\r\n<div style=\"clear:both;\"><\/div>\t\t\t<\/div>\n","protected":false},"excerpt":{"rendered":"<p>Research Group of Social Pedagogy and Information and Communication Technologies (PSiTIC) University Ram\u00f3n Llull, Spain Organisation: The PSiTIC investigation group of the University Ram\u00f3n Lllull of Barcelona, develops its investigation, formative and transfer knowledge activities and services, around the\u00a0new socioeducative community paradigms, inclusive and in net, and specifically around the quality and the upholding of\u00a0the&#8230;<\/p>\n","protected":false},"author":4,"featured_media":0,"parent":379,"menu_order":9,"comment_status":"closed","ping_status":"open","template":"","meta":{"footnotes":""},"class_list":["post-1049","page","type-page","status-publish","hentry"],"_links":{"self":[{"href":"https:\/\/hosting.uantwerpen.be\/improve\/index.php?rest_route=\/wp\/v2\/pages\/1049","targetHints":{"allow":["GET"]}}],"collection":[{"href":"https:\/\/hosting.uantwerpen.be\/improve\/index.php?rest_route=\/wp\/v2\/pages"}],"about":[{"href":"https:\/\/hosting.uantwerpen.be\/improve\/index.php?rest_route=\/wp\/v2\/types\/page"}],"author":[{"embeddable":true,"href":"https:\/\/hosting.uantwerpen.be\/improve\/index.php?rest_route=\/wp\/v2\/users\/4"}],"replies":[{"embeddable":true,"href":"https:\/\/hosting.uantwerpen.be\/improve\/index.php?rest_route=%2Fwp%2Fv2%2Fcomments&post=1049"}],"version-history":[{"count":5,"href":"https:\/\/hosting.uantwerpen.be\/improve\/index.php?rest_route=\/wp\/v2\/pages\/1049\/revisions"}],"predecessor-version":[{"id":1130,"href":"https:\/\/hosting.uantwerpen.be\/improve\/index.php?rest_route=\/wp\/v2\/pages\/1049\/revisions\/1130"}],"up":[{"embeddable":true,"href":"https:\/\/hosting.uantwerpen.be\/improve\/index.php?rest_route=\/wp\/v2\/pages\/379"}],"wp:attachment":[{"href":"https:\/\/hosting.uantwerpen.be\/improve\/index.php?rest_route=%2Fwp%2Fv2%2Fmedia&parent=1049"}],"curies":[{"name":"wp","href":"https:\/\/api.w.org\/{rel}","templated":true}]}}