{"id":3651,"date":"2021-01-22T10:34:43","date_gmt":"2021-01-22T10:34:43","guid":{"rendered":"https:\/\/hosting.uantwerpen.be\/calliope\/?page_id=3651"},"modified":"2021-05-06T16:13:22","modified_gmt":"2021-05-06T15:13:22","slug":"plantra-control-training","status":"publish","type":"page","link":"https:\/\/hosting.uantwerpen.be\/calliope\/plantra-control-training\/","title":{"rendered":"PLanTra Control Training"},"content":{"rendered":"<p>[et_pb_section fb_built=&#8221;1&#8243; admin_label=&#8221;Header Calliope&#8221; _builder_version=&#8221;4.5.7&#8243; background_color=&#8221;#b4d2d2&#8243; positioning=&#8221;fixed&#8221; position_origin_f=&#8221;top_center&#8221; vertical_offset=&#8221;0px&#8221; overflow-x=&#8221;visible&#8221; custom_margin=&#8221;||||false|false&#8221; global_module=&#8221;86&#8243; saved_tabs=&#8221;all&#8221; collapsed=&#8221;off&#8221;][et_pb_row admin_label=&#8221;Header Calliope&#8221; _builder_version=&#8221;4.3.4&#8243; background_size=&#8221;initial&#8221; background_position=&#8221;top_left&#8221; background_repeat=&#8221;repeat&#8221; collapsed=&#8221;off&#8221;][et_pb_column type=&#8221;4_4&#8243; _builder_version=&#8221;3.25&#8243; custom_padding=&#8221;|||&#8221; custom_padding__hover=&#8221;|||&#8221;][et_pb_image src=&#8221;https:\/\/hosting.uantwerpen.be\/calliope\/wp-content\/uploads\/Logo-Calliope-2-wit-op-transparante-achtergrond.png&#8221; url=&#8221;https:\/\/hosting.uantwerpen.be\/calliope\/home&#8221; align=&#8221;center&#8221; admin_label=&#8221;Logo Calliope met link naar ontwikkelsite&#8221; _builder_version=&#8221;4.5.7&#8243; width=&#8221;360px&#8221;][\/et_pb_image][\/et_pb_column][\/et_pb_row][\/et_pb_section][et_pb_section fb_built=&#8221;1&#8243; admin_label=&#8221;Persberichten&#8221; _builder_version=&#8221;4.5.7&#8243; _module_preset=&#8221;default&#8221;][et_pb_row admin_label=&#8221;Persberichten&#8221; _builder_version=&#8221;4.5.7&#8243; _module_preset=&#8221;default&#8221;][et_pb_column type=&#8221;4_4&#8243; _builder_version=&#8221;4.5.7&#8243; _module_preset=&#8221;default&#8221;][et_pb_text admin_label=&#8221;Moduletitel persberichten&#8221; _builder_version=&#8221;4.8.1&#8243; _module_preset=&#8221;1d71383a-039c-4599-8be3-6b8dfae4cf7c&#8221;]<\/p>\n<h1>Corporate social responsibility\u00a0<\/h1>\n<p>[\/et_pb_text][\/et_pb_column][\/et_pb_row][\/et_pb_section][et_pb_section fb_built=&#8221;1&#8243; fullwidth=&#8221;on&#8221; admin_label=&#8221;Menu ITOC persberichten&#8221; _builder_version=&#8221;4.3.4&#8243; custom_padding=&#8221;||0px||false|false&#8221; saved_tabs=&#8221;all&#8221;][et_pb_fullwidth_menu menu_id=&#8221;25&#8243; active_link_color=&#8221;#223636&#8243; admin_label=&#8221;Menu ITOC crisiscommunicatie&#8221; _builder_version=&#8221;4.8.1&#8243; menu_text_color=&#8221;#82b4b4&#8243; menu_font_size=&#8221;24px&#8221; menu_line_height=&#8221;1.1em&#8221; custom_margin=&#8221;||-25px||false|false&#8221; link_option_url=&#8221;\/calliope\/plantra-control-training&#8221; global_module=&#8221;527&#8243; saved_tabs=&#8221;all&#8221;][\/et_pb_fullwidth_menu][\/et_pb_section][et_pb_section fb_built=&#8221;1&#8243; admin_label=&#8221;Inleiding persberichten&#8221; _builder_version=&#8221;4.5.7&#8243; background_color=&#8221;#ffffff&#8221; custom_margin=&#8221;-28px||||false|false&#8221; custom_padding=&#8221;||||false|false&#8221; saved_tabs=&#8221;all&#8221;][et_pb_row column_structure=&#8221;2_3,1_3&#8243; admin_label=&#8221;Inleiding persberichten&#8221; _builder_version=&#8221;4.5.7&#8243; border_width_top=&#8221;1px&#8221; border_color_top=&#8221;#82b4b4&#8243;][et_pb_column type=&#8221;2_3&#8243; _builder_version=&#8221;4.3.4&#8243;][et_pb_text admin_label=&#8221;Leergids persberichten&#8221; module_class=&#8221;custom-bulletpoint&#8221; _builder_version=&#8221;4.9.4&#8243; _module_preset=&#8221;eccfc326-4f2f-4a24-ba4c-89c0e44ac427&#8243; text_font_size=&#8221;19px&#8221; text_line_height=&#8221;1.5em&#8221; header_2_font_size=&#8221;36px&#8221; width=&#8221;654&#8243; max_width=&#8221;97%&#8221; height=&#8221;380&#8243; custom_padding=&#8221;8px|43px|4px||false|false&#8221; hover_enabled=&#8221;0&#8243; global_module=&#8221;430&#8243; saved_tabs=&#8221;all&#8221; sticky_enabled=&#8221;0&#8243;]<\/p>\n<h2>Introduction<\/h2>\n<h4><strong>What is this course about?<\/strong><\/h4>\n<p>Welcome to this multimodal online course!<\/p>\n<p>&nbsp;<\/p>\n<p>This course is about\u00a0<strong>corporate social responsibility<\/strong> (<strong>CSR<\/strong>). CSR is receiving increasing attention from investors, customers, the media, and many other stakeholders. If your plan is to work for a company, your employer will probably expect you to be familiar with the concept of CSR. They might even ask you to contribute to CSR reporting.<\/p>\n<p>&nbsp;<\/p>\n<p>In order to better prepare you, this online module will explain you what CSR is, how it has evolved over time, and how it is communicated.<\/p>\n<p>&nbsp;<\/p>\n<h4><b>What is the structure of this course?\u00a0<\/b><\/h4>\n<p><span>This course is divided into four parts (visible in the four tabs right below the course title):<\/span><\/p>\n<ul>\n<li>This<span>\u00a0<\/span><strong>introduction<\/strong>;<\/li>\n<li><a href=\"https:\/\/hosting.uantwerpen.be\/calliope\/plantra-control-training\/theory\/\" target=\"_blank\" rel=\"noopener noreferrer\"><strong>Theory<\/strong><\/a>\u00a0in the form of texts, videos, and external links to recommended reading (estimated time for completion: 2 hours);<\/li>\n<li><a href=\"https:\/\/hosting.uantwerpen.be\/calliope\/plantra-control-training\/exercises\/\" target=\"_blank\" rel=\"noopener noreferrer\"><strong>Exercises<\/strong><\/a><span>\u00a0<\/span>where you can test <span>how much you have learnt from the theory, or how much you already knew <\/span>(estimated time for completion: 2 hours);<\/li>\n<li>A<span>\u00a0<\/span><a href=\"https:\/\/hosting.uantwerpen.be\/calliope\/plantra-control-training\/case-study\/\" target=\"_blank\" rel=\"noopener noreferrer\"><strong>case study<\/strong><\/a> dealing with the reporting of CSR content in a real-life scenario, where you can put your knowledge and skills into practice (estimated time for completion: 2 hours).<\/li>\n<\/ul>\n<p>&nbsp;<\/p>\n<h4><b>Is this the right course for you?<\/b><\/h4>\n<p>You are a perfect match for this course if:<\/p>\n<ol>\n<li>\u00a0You are studying business, accounting, economics, or another related discipline; and<\/li>\n<li>\u00a0You have a good knowledge of English.<\/li>\n<\/ol>\n<h4><strong>How can you follow this course?<br \/><\/strong><\/h4>\n<p>Some aspects of your participation in this course are obligatory, while others are optional.<\/p>\n<p>&nbsp;<\/p>\n<p><em><strong>Obligatory:<\/strong><\/em><\/p>\n<ol>\n<li>\u00a0Spend <strong>at least<\/strong> <strong>6\u00a0hours<\/strong>\u00a0between theory, exercises, and case study;<\/li>\n<li>\u00a0Complete the <span style=\"text-decoration: underline;\"><a href=\"https:\/\/hosting.uantwerpen.be\/calliope\/plantra-control-training\/case-study\/\" target=\"_blank\" rel=\"noopener noreferrer\">case study<\/a><\/span>. Please note that the <a href=\"\/calliope\/plantra-control-training\/theory\/#recomcom\" target=\"_blank\" rel=\"noopener\"><span style=\"text-decoration: underline;\">recommended reading on the communication of CSR<\/span> <\/a>will be particularly helpful for the case study.<\/li>\n<\/ol>\n<p><em><strong>Optional:<\/strong><\/em><\/p>\n<ol>\n<li><strong>\u00a0The theory is available both in textual format and in audiovisual format<\/strong>. For each topic, you can read the theory, watch the video, or do both.<\/li>\n<li>\u00a0<strong>You can re-read\/re-watch the theory as many times as you need<\/strong><span>, for instance if you have doubts while doing the exercises or the case study;<\/span><\/li>\n<li><span>\u00a0<strong>You can devote more time to one component over the others<\/strong>.<strong>\u00a0<\/strong>For example, you can dedicate the same amount of time to theory, exercises, and case study, or you can focus more on one of these parts over the others (but remember that you need to spend at least 6 hours on this course!);<\/span><\/li>\n<li><span>\u00a0<strong>You can access this course as many times as you need<\/strong>.\u00a0You don&#8217;t need to look at all the materials in just one session (in fact, we hope that you don&#8217;t!);<\/span><\/li>\n<li>\u00a0<strong>We assume that you are an independent learner<\/strong> and that you will be able to decide when to finish the course. As a rule of thumb, we recommend that you take part in this course until you are able to answer the questions below.<\/li>\n<\/ol>\n<h4><strong> What will you learn?<\/strong><\/h4>\n<p>At the end of this course, you will be able to answer the following <strong>four\u00a0questions<\/strong>:<\/p>\n<ol>\n<li>\u00a0What is CSR?<\/li>\n<li>\u00a0Which events have pushed the CSR agenda forward in the past few decades?<\/li>\n<li>\u00a0What is the impact of &#8216;good&#8217; or &#8216;bad&#8217; CSR communication?<\/li>\n<li>\u00a0Are all channels of CSR communication appropriate for all stakeholders?<\/li>\n<\/ol>\n<h4><strong>A final note&#8230;<\/strong><\/h4>\n<p>In order to create the materials in the theoretical section, we used the reports and the scientific publications listed below as sources. Feel free to have a look at them if you want to learn even more!<\/p>\n<h4><strong>Sources<\/strong><\/h4>\n<ul>\n<li><span>Agudelo, M., J\u00f3hannsd\u00f3ttir, L., &amp; Dav\u00eddsd\u00f3ttir, B. (2019). A literature review of the history and evolution of corporate social responsibility.\u00a0<\/span><i>International Journal of Corporate Social Responsibility<\/i><span>,\u00a0<\/span><i>4<\/i><span>(1).<\/span><\/li>\n<li><span>Cahan, S. F., De Villiers, C., Jeter, D. C., Naiker, V., &amp; Van Staden, C. J. (2015). Are CSR disclosures value relevant? Cross-country evidence. <em>European Accounting Review<\/em>, <em>25<\/em>(3), 579\u2013611.<\/span><\/li>\n<li>Carroll, B. (2008). A history of corporate social responsibility: Concepts and practices. In: A. Crane, D. Matten, A. McWilliams, J. Moon, &amp; D. Siegel (Eds.), <em>The Oxford handbook of corporate social responsibility <\/em>(pp. 19\u201346). Oxford, UK: Oxford University Press.<\/li>\n<li>Cone Communications. (2015). <em>Cone Communications\/Ebiquity global CSR study<\/em>. <a href=\"https:\/\/www.conecomm.com\/research-blog\/2015-cone-communications-ebiquity-global-csr-study\">https:\/\/www.conecomm.com\/research-blog\/2015-cone-communications-ebiquity-global-csr-study<\/a><\/li>\n<li><span>European Commission (2011).\u00a0<\/span><em>A Renewed EU Strategy 2011-14 for Corporate Social Responsibility<\/em><span>.\u00a0<\/span><a href=\"https:\/\/eur-lex.europa.eu\/legal-content\/EN\/TXT\/PDF\/?uri=CELEX:52011DC0681&amp;from=EN\">https:\/\/eur-lex.europa.eu\/legal-content\/EN\/TXT\/PDF\/?uri=CELEX:52011DC0681&amp;from=EN<\/a><\/li>\n<li>Kim, S., &amp; Ferguson, M. T. (2014). Public expectations of CSR communication: What and how to communicate CSR. <em>Public Relations Journal<\/em>, <em>8<\/em>(3). <a href=\"https:\/\/www.bellisario.psu.edu\/assets\/uploads\/2014KIMFERGUSON.pdf\">https:\/\/www.bellisario.psu.edu\/assets\/uploads\/2014KIMFERGUSON.pdf<\/a><\/li>\n<li>KPMG. (2016). <em>Carrots &amp; sticks. Global trends in sustainability reporting regulation and policy<\/em>. <a href=\"https:\/\/assets.kpmg\/content\/dam\/kpmg\/pdf\/2016\/05\/carrots-and-sticks-may-2016.pdf\">https:\/\/assets.kpmg\/content\/dam\/kpmg\/pdf\/2016\/05\/carrots-and-sticks-may-2016.pdf<\/a><\/li>\n<li>Mart\u00ednez, P., &amp; Del Bosque, I. R. (2013). CSR and customer loyalty: The roles of trust, customer identification with the company and satisfaction. <em>International Journal of Hospitality Management<\/em>, <em>35<\/em>, 89\u201399.<\/li>\n<li>\u00d6berseder, M., Schlegelmilch, B. B., &amp; Murphy, P. E. (2013). CSR practices and consumer perceptions. <em>Journal of Business Research<\/em>, <em>66<\/em>(10), 1839\u20131851.<\/li>\n<li><span>Porter, M. E., &amp; Kramer, M. R. (2011). Creating shared value: How to reinvent capitalism\u2014and unleash a wave of innovation and growth. <em>Harvard Business Review<\/em>. <\/span><a href=\"https:\/\/hbr.org\/2011\/01\/the-big-idea-creating-shared-value\">http:\/\/hbr.org\/2011\/01\/the-big-idea-creatingshared-value<\/a><\/li>\n<li>Servaes, H., &amp; Tamayo, A. (2013). The impact of corporate social responsibility on firm value: The role of customer awareness. <em>Management Science<\/em>, <em>59<\/em>(5), 1045\u20131061.<\/li>\n<li>Thornton, A. (2019). These 11 companies are leading the way to a circular economy.\u00a0<em>World Economic Forum<\/em>. <a href=\"https:\/\/www.weforum.org\/agenda\/2019\/02\/companies-leading-way-to-circular-economy\/\">https:\/\/www.weforum.org\/agenda\/2019\/02\/companies-leading-way-to-circular-economy\/<\/a><\/li>\n<li>Tschopp, D. &amp; Huefner, R. J. (2015). Comparing the evolution of CSR reporting to that of financial reporting. <em>Journal of Business Ethics<\/em>, <em>127<\/em>(3), 565\u2013577.<\/li>\n<\/ul>\n<p><strong><\/strong><\/p>\n<h4><strong>Team and contact information<\/strong><\/h4>\n<p>Dr Alessandra Rossetti (<a href=\"mailto:alessandra.rossetti@uantwerpen.be\">alessandra.rossetti<\/a><span><a href=\"mailto:alessandra.rossetti@uantwerpen.be\">@uantwerpen.be<\/a>)<\/span><\/p>\n<p>Prof Luuk Van Waes (<a href=\"mailto:luuk.vanwaes@uantwerpen.be\">luuk.vanwaes@uantwerpen.be<\/a>)<span><\/span><\/p>\n<p><span><\/span><\/p>\n<p>&nbsp;<\/p>\n<p><span>This project has received funding from the European Union\u2019s Horizon 2020 research and innovation programme under the Marie Sklodowska-Curie grant agreement No 888918.<\/span><\/p>\n<p>[\/et_pb_text][et_pb_post_nav show_prev=&#8221;off&#8221; next_text=&#8221;Theory&#8221; _builder_version=&#8221;4.9.3&#8243; _module_preset=&#8221;default&#8221;][\/et_pb_post_nav][\/et_pb_column][et_pb_column type=&#8221;1_3&#8243; _builder_version=&#8221;4.3.4&#8243;][et_pb_image src=&#8221;https:\/\/hosting.uantwerpen.be\/calliope\/wp-content\/uploads\/sarah-shaffer-O3gOgPB4sRU-unsplash-rescaled-scaled.jpg&#8221; title_text=&#8221;Notulen-Wegwijzer-Image&#8221; _builder_version=&#8221;4.8.1&#8243; _module_preset=&#8221;default&#8221;][\/et_pb_image][\/et_pb_column][\/et_pb_row][\/et_pb_section][et_pb_section fb_built=&#8221;1&#8243; admin_label=&#8221;Over Calliope&#8221; _builder_version=&#8221;4.5.7&#8243; background_color=&#8221;#b4d2d2&#8243; min_height=&#8221;564px&#8221; custom_margin=&#8221;||-28px||false|false&#8221; custom_padding=&#8221;30px||||false|false&#8221; border_color_top=&#8221;#223636&#8243; global_module=&#8221;154&#8243; saved_tabs=&#8221;all&#8221;][et_pb_row column_structure=&#8221;1_3,1_3,1_3&#8243; _builder_version=&#8221;4.5.7&#8243; border_color_top=&#8221;#223636&#8243;][et_pb_column type=&#8221;1_3&#8243; _builder_version=&#8221;4.3.4&#8243;][et_pb_text admin_label=&#8221;Over Calliope 2.0&#8243; _builder_version=&#8221;4.5.7&#8243; text_font_size=&#8221;17px&#8221; text_line_height=&#8221;1.38em&#8221;]<\/p>\n<p><strong>Wat is Calliope?<\/strong><br \/> Calliope is een open online leercentrum voor professionele en academische communicatie. Het bevat verschillende modules. Sommige zijn genre-specifiek, andere zijn meer algemeen toepasbaar of ze overstijgen een genre, zoals de module crisiscommunicatie.<\/p>\n<p><strong>Hoe werkt het?<\/strong><br \/> Modules bevatten verschillende onderdelen. Meestal zijn dat inleiding, theorie, oefeningen en cases. Gebruikers kiezen zelf hun leertraject, afhankelijk van hun leerstijl, voorkennis en beschikbare tijd. De cases zijn ontwikkeld voor onderwijs aan Universiteit Antwerpen, maar het staat iedereen natuurlijk vrij om ze te gebruiken.<\/p>\n<p>[\/et_pb_text][\/et_pb_column][et_pb_column type=&#8221;1_3&#8243; _builder_version=&#8221;4.3.4&#8243;][et_pb_text admin_label=&#8221;Over Calliope 1.0&#8243; module_class=&#8221;custom-bulletpoint custom-list&#8221; _builder_version=&#8221;4.5.7&#8243; text_font_size=&#8221;17px&#8221; text_line_height=&#8221;1.38em&#8221;]<\/p>\n<p><strong>Calliope 2.0<\/strong><br \/> Deze website is een update van Calliope 1.0. Calliope 2.0 werd ontwikkeld door Luuk Van Waes en Suzy Stals.<\/p>\n<p>&nbsp;<\/p>\n<p><strong>Calliope 1.0<\/strong><br \/> De eerste versie van Calliope werd ontwikkeld door Luuk Van Waes en Liesbeth Opdenacker. Calliope 1.0 werd gefinancierd door verschillende instanties:<\/p>\n<ul>\n<li>Minerva | <a href=\"http:\/\/ec.europa.eu\/comm\/education\/programmes\/socrates\/minerva\/index_en.html\" target=\"_blank\" rel=\"noopener noreferrer\">Europese Commissie<br \/> <\/a>2003\u20132005 &amp; 2007\u20132009<\/li>\n<li>UFOO | <a href=\"http:\/\/www.ua.ac.be\" target=\"_blank\" rel=\"noopener noreferrer\">Universiteit Antwerpen<br \/> <\/a>2005\u20132006<\/li>\n<li>OPL | <a href=\"http:\/\/www.ugent.be\" target=\"_blank\" rel=\"noopener noreferrer\">Universiteit Gent<\/a><br \/> 2005\u20132007<\/li>\n<li>STIHO | <a href=\"https:\/\/www.vlaanderen.be\/\">Vlaamse Gemeenschap<\/a><br \/> 2001\u20132003<\/li>\n<\/ul>\n<p>&nbsp;<\/p>\n<p>[\/et_pb_text][\/et_pb_column][et_pb_column type=&#8221;1_3&#8243; _builder_version=&#8221;4.3.4&#8243;][et_pb_text admin_label=&#8221;Copyrightformule&#8221; _builder_version=&#8221;4.5.7&#8243; _module_preset=&#8221;default&#8221; text_font_size=&#8221;17px&#8221; text_line_height=&#8221;1.38em&#8221;]<\/p>\n<p><strong>Copyright<\/strong><br \/> Calliope\u00a0\u00a9 2001-2020. Alle rechten voorbehouden. Vraag onze uitdrukkelijke toestemming\u00a0 als je dit materiaal wil kopi\u00ebren, reproduceren, publiceren, uploaden, posten, verzenden of op wat voor manier dan ook distribueren.<\/p>\n<p>[\/et_pb_text][et_pb_text admin_label=&#8221;Contactinfo&#8221; _builder_version=&#8221;4.5.7&#8243; text_font_size=&#8221;17px&#8221; text_line_height=&#8221;1.38em&#8221;]<\/p>\n<p><strong>Contact<\/strong><br \/> <a href=\"mailto:luuk.vanwaes@uantwerpen.be\" target=\"_blank\" rel=\"noopener noreferrer\">Luuk Van Waes,<\/a> projectco\u00f6rdinator<br \/> <a href=\"mailto:suzy.stals@uantwerpen.be\">Suzy Stals<\/a>, webmaster<\/p>\n<p>[\/et_pb_text][et_pb_image src=&#8221;https:\/\/hosting.uantwerpen.be\/calliope\/wp-content\/uploads\/UA_HOR_NED_wit.png&#8221; admin_label=&#8221;Logo Universiteit Antwerpen&#8221; _builder_version=&#8221;4.3.4&#8243;][\/et_pb_image][\/et_pb_column][\/et_pb_row][\/et_pb_section]<\/p>\n","protected":false},"excerpt":{"rendered":"<p>Corporate social responsibility\u00a0Introduction What is this course about? Welcome to this multimodal online course! &nbsp; This course is about\u00a0corporate social responsibility (CSR). CSR is receiving increasing attention from investors, customers, the media, and many other stakeholders. If your plan is to work for a company, your employer will probably expect you to be familiar with [&hellip;]<\/p>\n","protected":false},"author":5,"featured_media":0,"parent":0,"menu_order":0,"comment_status":"closed","ping_status":"closed","template":"","meta":{"_et_pb_use_builder":"on","_et_pb_old_content":"<!-- wp:divi\/placeholder \/-->","_et_gb_content_width":"","footnotes":""},"folder":[],"class_list":["post-3651","page","type-page","status-publish","hentry"],"_links":{"self":[{"href":"https:\/\/hosting.uantwerpen.be\/calliope\/wp-json\/wp\/v2\/pages\/3651","targetHints":{"allow":["GET"]}}],"collection":[{"href":"https:\/\/hosting.uantwerpen.be\/calliope\/wp-json\/wp\/v2\/pages"}],"about":[{"href":"https:\/\/hosting.uantwerpen.be\/calliope\/wp-json\/wp\/v2\/types\/page"}],"author":[{"embeddable":true,"href":"https:\/\/hosting.uantwerpen.be\/calliope\/wp-json\/wp\/v2\/users\/5"}],"replies":[{"embeddable":true,"href":"https:\/\/hosting.uantwerpen.be\/calliope\/wp-json\/wp\/v2\/comments?post=3651"}],"version-history":[{"count":5,"href":"https:\/\/hosting.uantwerpen.be\/calliope\/wp-json\/wp\/v2\/pages\/3651\/revisions"}],"predecessor-version":[{"id":5754,"href":"https:\/\/hosting.uantwerpen.be\/calliope\/wp-json\/wp\/v2\/pages\/3651\/revisions\/5754"}],"wp:attachment":[{"href":"https:\/\/hosting.uantwerpen.be\/calliope\/wp-json\/wp\/v2\/media?parent=3651"}],"wp:term":[{"taxonomy":"folder","embeddable":true,"href":"https:\/\/hosting.uantwerpen.be\/calliope\/wp-json\/wp\/v2\/folder?post=3651"}],"curies":[{"name":"wp","href":"https:\/\/api.w.org\/{rel}","templated":true}]}}